{"id":72,"date":"2017-06-20T11:49:39","date_gmt":"2017-06-20T11:49:39","guid":{"rendered":"https:\/\/www.copyandprint.es\/?page_id=72"},"modified":"2023-09-06T10:47:06","modified_gmt":"2023-09-06T08:47:06","slug":"contacto","status":"publish","type":"page","link":"https:\/\/www.copyandprint.es\/en\/contacto\/","title":{"rendered":"Contact"},"content":{"rendered":"<div class=\"vc_row wpb_row vc_row-fluid\"><div class=\"wpb_column vc_column_container vc_col-sm-6 sc_layouts_column_icons_position_left\"><div class=\"vc_column-inner\"><div class=\"wpb_wrapper\"><div id=\"sc_content_688257306\"\r\n\t\tclass=\"sc_content color_style_default sc_content_default sc_float_center sc_padding_medium  vc_custom_1507799665085\"><div class=\"sc_content_container\"><div id=\"sc_title_107185870\"\r\n\t\tclass=\"sc_title color_style_default sc_title_default\"><h2 class=\"sc_item_title sc_title_title sc_align_left sc_item_title_style_default sc_item_title_tag\">Do you need help?<\/h2><\/div><!-- \/.sc_title --><div class=\"vc_empty_space  vc_custom_1507799731191 height_small\"   style=\"height: 32px\"><span class=\"vc_empty_space_inner\"><\/span><\/div>\n<div class=\"wpcf7 no-js\" id=\"wpcf7-f5-o1\" lang=\"en-US\" dir=\"ltr\">\n<div class=\"screen-reader-response\"><p role=\"status\" aria-live=\"polite\" aria-atomic=\"true\"><\/p> <ul><\/ul><\/div>\n<form action=\"\/en\/wp-json\/wp\/v2\/pages\/72#wpcf7-f5-o1\" method=\"post\" class=\"wpcf7-form init\" aria-label=\"Contact form\" novalidate=\"novalidate\" data-status=\"init\" data-trp-original-action=\"\/en\/wp-json\/wp\/v2\/pages\/72#wpcf7-f5-o1\">\n<div style=\"display: none;\">\n<input type=\"hidden\" name=\"_wpcf7\" value=\"5\" \/>\n<input type=\"hidden\" name=\"_wpcf7_version\" value=\"5.7.7\" \/>\n<input type=\"hidden\" name=\"_wpcf7_locale\" value=\"en_US\" \/>\n<input type=\"hidden\" name=\"_wpcf7_unit_tag\" value=\"wpcf7-f5-o1\" \/>\n<input type=\"hidden\" name=\"_wpcf7_container_post\" value=\"0\" \/>\n<input type=\"hidden\" name=\"_wpcf7_posted_data_hash\" value=\"\" \/>\n<input type=\"hidden\" name=\"_wpcf7_recaptcha_response\" value=\"\" \/>\n<\/div>\n<div class=\"flex\">\n\t<div class='itm row' >\n\t\t<p><span class=\"wpcf7-form-control-wrap\" data-name=\"your-name\"><input size=\"40\" class=\"wpcf7-form-control wpcf7-text wpcf7-validates-as-required\" aria-required=\"true\" aria-invalid=\"false\" placeholder=\"Nombre*\" value=\"\" type=\"text\" name=\"your-name\" \/><\/span>\n\t\t<\/p>\n\t<\/div>\n\t<div class='itm row'>\n\t\t<p><span class=\"wpcf7-form-control-wrap\" data-name=\"your-email\"><input size=\"40\" class=\"wpcf7-form-control wpcf7-text wpcf7-validates-as-required\" aria-required=\"true\" aria-invalid=\"false\" placeholder=\"Correo electr\u00f3nico*\" value=\"\" type=\"text\" name=\"your-email\" \/><\/span>\n\t\t<\/p>\n\t<\/div>\n<\/div>\n<div class=''>\n\t<p><span class=\"wpcf7-form-control-wrap\" data-name=\"your-message\"><textarea cols=\"40\" rows=\"10\" class=\"wpcf7-form-control wpcf7-textarea wpcf7-validates-as-required\" aria-required=\"true\" aria-invalid=\"false\" placeholder=\"Mensaje*\" name=\"your-message\"><\/textarea><\/span>\n\t<\/p>\n<\/div>\n<p><span class=\"wpcf7-form-control-wrap\" data-name=\"acceptance-157\"><span class=\"wpcf7-form-control wpcf7-acceptance\"><span class=\"wpcf7-list-item\"><label><input type=\"checkbox\" name=\"acceptance-157\" value=\"1\" aria-invalid=\"false\" \/><span class=\"wpcf7-list-item-label\">I have read and accept the <strong> <a href=\"https:\/\/www.copyandprint.es\/en\/politica-privacidad\/\">Privacy Policy<\/a>.<\/strong><\/span><\/label><\/span><\/span><\/span><br \/>\n<span class=\"wpcf7-form-control-wrap\" data-name=\"acceptance-642\"><span class=\"wpcf7-form-control wpcf7-acceptance\"><span class=\"wpcf7-list-item\"><label><input type=\"checkbox\" name=\"acceptance-642\" value=\"1\" aria-invalid=\"false\" \/><span class=\"wpcf7-list-item-label\">Acepto el tratamiento de datos con fines publicitarios tal como se indica en la <strong> <a href=\"https:\/\/www.copyandprint.es\/en\/politica-privacidad\/\">Privacy Policy<\/a>.<\/strong>, en el apartado de Env\u00edo de publicidad<\/span><\/label><\/span><\/span><\/span>\n<\/p>\n<div class=\"sc_form_field sc_form_field_button sc_form_field_submit\">\n\t<p><input class=\"wpcf7-form-control has-spinner wpcf7-submit\" type=\"submit\" value=\"Enviar\" \/>\n\t<\/p>\n<\/div>\n<div class='itm row'>\n\t<p>Responsable de tratamiento: Sus datos ser\u00e1n tratados por COPISTER\u00cdA ONLINE E IMPRESI\u00d3N DIGITAL, S.L. con domicilio social en Callej\u00f3n Los Frailes, 6 , 30530 - Cieza (Murcia).<br \/>\nFinalidad y legitimaci\u00f3n: Sus datos ser\u00e1n tratados para los fines especificados en el motivo de contacto y poder darle respuesta a sus peticiones o consultas, con base legal en el consentimiento expreso.<br \/>\nCesiones: no ser\u00e1n cedidos a terceros salvo obligaci\u00f3n legal.<br \/>\nPlazo: Sus datos ser\u00e1n tratados el tiempo estrictamente necesario para el cumplimiento de la finalidad o finalidades concretas que motivaron su recogida, hasta la p\u00e9rdida de relevancia de su uso o, en todo caso, hasta que sean cancelados en respuesta al ejercicio por parte de su titular de los derechos correspondientes.<br \/>\nDerechos: Le informamos que puede ejercer sus derechos de acceso, rectificaci\u00f3n, cancelaci\u00f3n y oposici\u00f3n al tratamiento de sus datos a trav\u00e9s de este formulario de contacto o dirigi\u00e9ndose a la siguiente direcci\u00f3n de correo electr\u00f3nico: comercial@copyandprint.es, o tambi\u00e9n por escrito, adjuntando una copia de un documento acreditativo de su identidad a la direcci\u00f3n: Callej\u00f3n Los Frailes, 6, , 30530 - Cieza (Murcia)<br \/>\nInformaci\u00f3n adicional: Puede consultar la informaci\u00f3n adicional y detallada sobre Protecci\u00f3n de datos en nuestra <strong> <a href=\"https:\/\/www.copyandprint.es\/en\/politica-privacidad\/\">Privacy Policy<\/a>.<\/strong>\n\t<\/p>\n<\/div><div class=\"wpcf7-response-output\" aria-hidden=\"true\"><\/div>\n<input type=\"hidden\" name=\"trp-form-language\" value=\"en\"\/><\/form>\n<\/div>\n<\/div><\/div><!-- \/.sc_content --><\/div><\/div><\/div><div class=\"wpb_column vc_column_container vc_col-sm-6 sc_layouts_column_icons_position_left\"><div class=\"vc_column-inner\"><div class=\"wpb_wrapper\"><div id=\"sc_googlemap_799642009_wrap\" class=\"sc_googlemap_wrap\"><div id=\"sc_googlemap_799642009\"\r\n\t\t\tclass=\"sc_googlemap sc_googlemap_default\"\r\n\t\t\t style=\"width:100%;height:200px;\"\t\t\tdata-zoom=\"14\"\r\n\t\t\tdata-style=\"dark\"\r\n\t\t\tdata-cluster-icon=\"2085\"\r\n        ><iframe\r\n                    src=\"https:\/\/maps.google.com\/maps?t=m&output=embed&iwloc=near&z=14&q=Callejon+de+los+frailes+%2C+4.+Cieza%2C+Murcia\"\r\n                    scrolling=\"no\"\r\n                    marginheight=\"0\"\r\n                    marginwidth=\"0\"\r\n                    frameborder=\"0\"\r\n                    aria-label=\"\"><\/iframe><\/div><\/div><!-- \/.sc_googlemap_wrap --><div class=\"vc_empty_space  height_small\"   style=\"height: 32px\"><span class=\"vc_empty_space_inner\"><\/span><\/div><div class=\"vc_empty_space  hide_on_desktop hide_on_notebook hide_on_tablet height_small\"   style=\"height: 32px\"><span class=\"vc_empty_space_inner\"><\/span><\/div><div id=\"sc_content_1271280524\"\r\n\t\tclass=\"sc_content color_style_default sc_content_bordered sc_float_center sc_padding_medium  vc_custom_1507799975716\"><div class=\"sc_content_container\">\n\t<div class=\"wpb_text_column wpb_content_element\" >\n\t\t<div class=\"wpb_wrapper\">\n\t\t\t<h3><strong>Copy&amp;Print I<\/strong><\/h3>\n<p><span class=\"trx_addons_label_text\">Tel: <\/span><a href=\"tel:968 76 17 13\">968 76 17 13<\/a><br \/>\n<span class=\"trx_addons_label_text\">WhatsApp: <\/span><a href=\"https:\/\/wa.me\/+34640501751\">640 50 17 51<\/a><br \/>\n<span class=\"trx_addons_label_text\">Adress:<\/span> Callejon de los frailes , 4. Cieza, Murcia<\/p>\n<div class=\"et_pb_text et_pb_module et_pb_bg_layout_light et_pb_text_align_left et_pb_text_15\">\n<div class=\"et_pb_text_inner\">\n<p><strong>Winter<\/strong><\/div>\n<\/div>\n<div class=\"et_pb_text et_pb_module et_pb_bg_layout_light et_pb_text_align_left et_pb_text_16\">\n<div class=\"et_pb_text_inner\">\n<p>Monday to Friday: 9:00 a.m. to 2:00 p.m. \u2013 5:00 p.m. to 9:00 p.m.<br \/>\nSaturdays: 10:00 a.m. to 2:00 p.m.<\/div>\n<\/div>\n<div class=\"et_pb_text et_pb_module et_pb_bg_layout_light et_pb_text_align_left et_pb_text_17\">\n<div class=\"et_pb_text_inner\">\n<p><strong>Summer<\/strong><\/div>\n<\/div>\n<div class=\"et_pb_text et_pb_module et_pb_bg_layout_light et_pb_text_align_left et_pb_text_18\">\n<div class=\"et_pb_text_inner\">\n<p>Monday to Friday: 9:00 a.m. to 2:00 p.m. \u2013 5:30 p.m. to 9:00 p.m.\n<\/p><\/div>\n<\/div>\n\n\t\t<\/div>\n\t<\/div>\n<\/div><\/div><!-- \/.sc_content --><div class=\"vc_empty_space  height_small\"   style=\"height: 32px\"><span class=\"vc_empty_space_inner\"><\/span><\/div><div id=\"sc_googlemap_737518557_wrap\" class=\"sc_googlemap_wrap\"><div id=\"sc_googlemap_737518557\"\r\n\t\t\tclass=\"sc_googlemap sc_googlemap_default\"\r\n\t\t\t style=\"width:100%;height:200px;\"\t\t\tdata-zoom=\"14\"\r\n\t\t\tdata-style=\"dark\"\r\n\t\t\tdata-cluster-icon=\"2085\"\r\n        ><iframe\r\n                    src=\"https:\/\/maps.google.com\/maps?t=m&output=embed&iwloc=near&z=14&q=Calle+Quevedo%2C+10.+Cieza%2C+Murcia\"\r\n                    scrolling=\"no\"\r\n                    marginheight=\"0\"\r\n                    marginwidth=\"0\"\r\n                    frameborder=\"0\"\r\n                    aria-label=\"\"><\/iframe><\/div><\/div><!-- \/.sc_googlemap_wrap --><div class=\"vc_empty_space  height_small\"   style=\"height: 32px\"><span class=\"vc_empty_space_inner\"><\/span><\/div><div class=\"vc_empty_space  hide_on_desktop hide_on_notebook hide_on_tablet height_small\"   style=\"height: 32px\"><span class=\"vc_empty_space_inner\"><\/span><\/div><div id=\"sc_content_123687211\"\r\n\t\tclass=\"sc_content color_style_default sc_content_bordered sc_float_center sc_padding_medium  vc_custom_1507799975716\"><div class=\"sc_content_container\">\n\t<div class=\"wpb_text_column wpb_content_element\" >\n\t\t<div class=\"wpb_wrapper\">\n\t\t\t<h3><strong>Copy&amp;Print II<\/strong><\/h3>\n<p><span class=\"trx_addons_label_text\">Tel: <\/span><a href=\"tel:868 19 51 67\">868 19 51 67<\/a><br \/>\n<span class=\"trx_addons_label_text\">WhatsApp: <\/span><a href=\"https:\/\/wa.me\/+34694468830\">694 46 88 30<\/a><br \/>\n<span class=\"trx_addons_label_text\">Adress:<\/span> Calle Quevedo, 10, Cieza, Murcia<\/p>\n<div class=\"et_pb_text et_pb_module et_pb_bg_layout_light et_pb_text_align_left et_pb_text_15\">\n<div class=\"et_pb_text_inner\">\n<p><strong>Winter<\/strong><\/div>\n<\/div>\n<div class=\"et_pb_text et_pb_module et_pb_bg_layout_light et_pb_text_align_left et_pb_text_16\">\n<div class=\"et_pb_text_inner\">\n<p>Monday to Friday: 9:00 a.m. to 2:00 p.m. \u2013 5:00 p.m. to 9:00 p.m.<br \/>\nSaturdays: 10:00 a.m. to 2:00 p.m.<\/div>\n<\/div>\n<div class=\"et_pb_text et_pb_module et_pb_bg_layout_light et_pb_text_align_left et_pb_text_17\">\n<div class=\"et_pb_text_inner\">\n<p><strong>Summer<\/strong><\/div>\n<\/div>\n<div class=\"et_pb_text et_pb_module et_pb_bg_layout_light et_pb_text_align_left et_pb_text_18\">\n<div class=\"et_pb_text_inner\">\n<p>Monday to Friday: 9:00 a.m. to 2:00 p.m. \u2013 5:30 p.m. to 9:00 p.m.\n<\/p><\/div>\n<\/div>\n\n\t\t<\/div>\n\t<\/div>\n<\/div><\/div><!-- \/.sc_content --><\/div><\/div><\/div><\/div>","protected":false},"excerpt":{"rendered":"\u00bfNecesitas ayuda? He le\u00eddo y acepto la pol\u00edtica de privacidad. Acepto el tratamiento de datos con fines publicitarios tal como se indica en la pol\u00edtica de privacidad., en el apartado de Env\u00edo de publicidad Responsable de tratamiento: Sus datos ser\u00e1n&hellip;","protected":false},"author":1,"featured_media":0,"parent":0,"menu_order":0,"comment_status":"closed","ping_status":"closed","template":"","meta":{"footnotes":""},"class_list":["post-72","page","type-page","status-publish","hentry"],"yoast_head":"<!-- This site is optimized with the Yoast SEO plugin v20.9 - https:\/\/yoast.com\/wordpress\/plugins\/seo\/ -->\n<title>Contactar - Copy and Print<\/title>\n<meta name=\"robots\" content=\"index, follow, max-snippet:-1, max-image-preview:large, max-video-preview:-1\" \/>\n<link rel=\"canonical\" href=\"https:\/\/www.copyandprint.es\/en\/contacto\/\" \/>\n<meta property=\"og:locale\" content=\"en_GB\" \/>\n<meta property=\"og:type\" content=\"article\" \/>\n<meta property=\"og:title\" content=\"Contactar - Copy and Print\" \/>\n<meta property=\"og:url\" content=\"https:\/\/www.copyandprint.es\/en\/contacto\/\" \/>\n<meta property=\"og:site_name\" content=\"Copy and Print\" \/>\n<meta property=\"article:modified_time\" content=\"2023-09-06T08:47:06+00:00\" \/>\n<meta name=\"twitter:card\" content=\"summary_large_image\" \/>\n<meta name=\"twitter:label1\" content=\"Estimated reading time\" \/>\n\t<meta name=\"twitter:data1\" content=\"2 minutes\" \/>\n<script type=\"application\/ld+json\" class=\"yoast-schema-graph\">{\"@context\":\"https:\/\/schema.org\",\"@graph\":[{\"@type\":\"WebPage\",\"@id\":\"https:\/\/www.copyandprint.es\/contacto\/\",\"url\":\"https:\/\/www.copyandprint.es\/contacto\/\",\"name\":\"Contactar - Copy and Print\",\"isPartOf\":{\"@id\":\"https:\/\/www.copyandprint.es\/#website\"},\"datePublished\":\"2017-06-20T11:49:39+00:00\",\"dateModified\":\"2023-09-06T08:47:06+00:00\",\"breadcrumb\":{\"@id\":\"https:\/\/www.copyandprint.es\/contacto\/#breadcrumb\"},\"inLanguage\":\"en-GB\",\"potentialAction\":[{\"@type\":\"ReadAction\",\"target\":[\"https:\/\/www.copyandprint.es\/contacto\/\"]}]},{\"@type\":\"BreadcrumbList\",\"@id\":\"https:\/\/www.copyandprint.es\/contacto\/#breadcrumb\",\"itemListElement\":[{\"@type\":\"ListItem\",\"position\":1,\"name\":\"Portada\",\"item\":\"https:\/\/www.copyandprint.es\/\"},{\"@type\":\"ListItem\",\"position\":2,\"name\":\"Contactar\"}]},{\"@type\":\"WebSite\",\"@id\":\"https:\/\/www.copyandprint.es\/#website\",\"url\":\"https:\/\/www.copyandprint.es\/\",\"name\":\"Copy and Print\",\"description\":\"Copister\u00eda en Cieza\",\"publisher\":{\"@id\":\"https:\/\/www.copyandprint.es\/#organization\"},\"potentialAction\":[{\"@type\":\"SearchAction\",\"target\":{\"@type\":\"EntryPoint\",\"urlTemplate\":\"https:\/\/www.copyandprint.es\/?s={search_term_string}\"},\"query-input\":\"required name=search_term_string\"}],\"inLanguage\":\"en-GB\"},{\"@type\":\"Organization\",\"@id\":\"https:\/\/www.copyandprint.es\/#organization\",\"name\":\"Copy&Print\",\"url\":\"https:\/\/www.copyandprint.es\/\",\"logo\":{\"@type\":\"ImageObject\",\"inLanguage\":\"en-GB\",\"@id\":\"https:\/\/www.copyandprint.es\/#\/schema\/logo\/image\/\",\"url\":\"https:\/\/www.copyandprint.es\/wp-content\/uploads\/2020\/08\/copyandprint.png\",\"contentUrl\":\"https:\/\/www.copyandprint.es\/wp-content\/uploads\/2020\/08\/copyandprint.png\",\"width\":370,\"height\":79,\"caption\":\"Copy&Print\"},\"image\":{\"@id\":\"https:\/\/www.copyandprint.es\/#\/schema\/logo\/image\/\"}}]}<\/script>\n<!-- \/ Yoast SEO plugin. -->","yoast_head_json":{"title":"Contactar - Copy and Print","robots":{"index":"index","follow":"follow","max-snippet":"max-snippet:-1","max-image-preview":"max-image-preview:large","max-video-preview":"max-video-preview:-1"},"canonical":"https:\/\/www.copyandprint.es\/en\/contacto\/","og_locale":"en_GB","og_type":"article","og_title":"Contactar - Copy and Print","og_url":"https:\/\/www.copyandprint.es\/en\/contacto\/","og_site_name":"Copy and Print","article_modified_time":"2023-09-06T08:47:06+00:00","twitter_card":"summary_large_image","twitter_misc":{"Estimated reading time":"2 minutes"},"schema":{"@context":"https:\/\/schema.org","@graph":[{"@type":"WebPage","@id":"https:\/\/www.copyandprint.es\/contacto\/","url":"https:\/\/www.copyandprint.es\/contacto\/","name":"Contactar - Copy and Print","isPartOf":{"@id":"https:\/\/www.copyandprint.es\/#website"},"datePublished":"2017-06-20T11:49:39+00:00","dateModified":"2023-09-06T08:47:06+00:00","breadcrumb":{"@id":"https:\/\/www.copyandprint.es\/contacto\/#breadcrumb"},"inLanguage":"en-GB","potentialAction":[{"@type":"ReadAction","target":["https:\/\/www.copyandprint.es\/contacto\/"]}]},{"@type":"BreadcrumbList","@id":"https:\/\/www.copyandprint.es\/contacto\/#breadcrumb","itemListElement":[{"@type":"ListItem","position":1,"name":"Portada","item":"https:\/\/www.copyandprint.es\/"},{"@type":"ListItem","position":2,"name":"Contactar"}]},{"@type":"WebSite","@id":"https:\/\/www.copyandprint.es\/#website","url":"https:\/\/www.copyandprint.es\/","name":"Copy and Print","description":"Copister\u00eda en Cieza","publisher":{"@id":"https:\/\/www.copyandprint.es\/#organization"},"potentialAction":[{"@type":"SearchAction","target":{"@type":"EntryPoint","urlTemplate":"https:\/\/www.copyandprint.es\/?s={search_term_string}"},"query-input":"required name=search_term_string"}],"inLanguage":"en-GB"},{"@type":"Organization","@id":"https:\/\/www.copyandprint.es\/#organization","name":"Copy&Print","url":"https:\/\/www.copyandprint.es\/","logo":{"@type":"ImageObject","inLanguage":"en-GB","@id":"https:\/\/www.copyandprint.es\/#\/schema\/logo\/image\/","url":"https:\/\/www.copyandprint.es\/wp-content\/uploads\/2020\/08\/copyandprint.png","contentUrl":"https:\/\/www.copyandprint.es\/wp-content\/uploads\/2020\/08\/copyandprint.png","width":370,"height":79,"caption":"Copy&Print"},"image":{"@id":"https:\/\/www.copyandprint.es\/#\/schema\/logo\/image\/"}}]}},"_links":{"self":[{"href":"https:\/\/www.copyandprint.es\/en\/wp-json\/wp\/v2\/pages\/72","targetHints":{"allow":["GET"]}}],"collection":[{"href":"https:\/\/www.copyandprint.es\/en\/wp-json\/wp\/v2\/pages"}],"about":[{"href":"https:\/\/www.copyandprint.es\/en\/wp-json\/wp\/v2\/types\/page"}],"author":[{"embeddable":true,"href":"https:\/\/www.copyandprint.es\/en\/wp-json\/wp\/v2\/users\/1"}],"replies":[{"embeddable":true,"href":"https:\/\/www.copyandprint.es\/en\/wp-json\/wp\/v2\/comments?post=72"}],"version-history":[{"count":32,"href":"https:\/\/www.copyandprint.es\/en\/wp-json\/wp\/v2\/pages\/72\/revisions"}],"predecessor-version":[{"id":2956,"href":"https:\/\/www.copyandprint.es\/en\/wp-json\/wp\/v2\/pages\/72\/revisions\/2956"}],"wp:attachment":[{"href":"https:\/\/www.copyandprint.es\/en\/wp-json\/wp\/v2\/media?parent=72"}],"curies":[{"name":"wp","href":"https:\/\/api.w.org\/{rel}","templated":true}]}}