{"id":30,"date":"2017-06-20T11:39:44","date_gmt":"2017-06-20T11:39:44","guid":{"rendered":"https:\/\/www.copyandprint.es\/?page_id=30"},"modified":"2023-08-01T16:37:35","modified_gmt":"2023-08-01T14:37:35","slug":"nosotros","status":"publish","type":"page","link":"https:\/\/www.copyandprint.es\/en\/nosotros\/","title":{"rendered":"About us"},"content":{"rendered":"<div data-vc-full-width=\"true\" data-vc-full-width-init=\"false\" class=\"vc_row wpb_row vc_row-fluid vc_custom_1507878724920 vc_row-has-fill vc_row-o-equal-height vc_row-o-content-middle vc_row-flex\"><div class=\"wpb_column vc_column_container vc_col-sm-12 sc_layouts_column_icons_position_left\"><div class=\"vc_column-inner\"><div class=\"wpb_wrapper\"><div class=\"vc_empty_space  height_huge\"   style=\"height: 32px\"><span class=\"vc_empty_space_inner\"><\/span><\/div><\/div><\/div><\/div><div class=\"wpb_column vc_column_container vc_col-sm-5 sc_layouts_column_icons_position_left\"><div class=\"vc_column-inner\"><div class=\"wpb_wrapper\"><div id=\"sc_title_187661499\"\r\n\t\tclass=\"sc_title color_style_default sc_title_default\"><h6 class=\"sc_item_subtitle sc_title_subtitle sc_align_left sc_item_title_style_default\">Us<\/h6><h3 class=\"sc_item_title sc_title_title sc_align_left sc_item_title_style_default\">Online copy shop Copy&amp;Print<\/h3><div class=\"sc_item_descr sc_title_descr sc_align_left\"><p>At COPYANDPRINT we strive every day to give the best of ourselves, always keeping in mind that the most important thing is the satisfaction of our customers.<\/p>\n<p>We offer the most competitive prices and the best and most efficient service with personalized attention.<\/p>\n<p>We work with office supplies, stationery, copying, consumables... We also have a large format printing service up to A0. Ask us about our special discounts on school supplies.<\/p>\n<\/div><div class=\"sc_item_button sc_button_wrap sc_align_left\"><a href=\"https:\/\/www.copyandprint.es\/en\/contacto\/\" id=\"sc_button_1389008527\" class=\"sc_button color_style_default sc_button_default sc_item_button sc_item_button_default sc_title_button sc_button_size_normal sc_button_icon_left\"><span class=\"sc_button_text\"><span class=\"sc_button_title\">Contact<\/span><\/span><!-- \/.sc_button_text --><\/a><!-- \/.sc_button --><\/div><!-- \/.sc_item_button --><\/div><!-- \/.sc_title --><\/div><\/div><\/div><div class=\"wpb_column vc_column_container vc_col-sm-7 sc_layouts_column_icons_position_left\"><div class=\"vc_column-inner\"><div class=\"wpb_wrapper\"><div class=\"vc_empty_space  hide_on_desktop hide_on_notebook hide_on_tablet height_large\"   style=\"height: 32px\"><span class=\"vc_empty_space_inner\"><\/span><\/div><div id=\"widget_slider_1366773108\" class=\"widget_area sc_widget_slider vc_widget_slider wpb_content_element\"><aside id=\"widget_slider_1366773108_widget\" class=\"widget widget_slider\">\t\t\t<div class=\"slider_wrap slider_engine_swiper\">\r\n\t\t\t\t<div id=\"widget_slider_1366773108_outer\" class=\"slider_outer slider_swiper_outer slider_style_default slider_outer_direction_horizontal slider_outer_one slider_outer_nopagination slider_outer_controls slider_outer_controls_side slider_outer_titles_center\"><div id=\"widget_slider_1366773108_swiper\" class=\"slider_container slider_swiper swiper-slider-container slider_controls slider_controls_side slider_titles_center slider_resize slider_height_auto slider_direction_horizontal slider_nopagination slider_one slider_type_bg\" data-ratio=\"67:42\" data-interval=\"7000\" data-effect=\"slide\" data-pagination=\"bullets\" data-direction=\"horizontal\" data-slides-per-view=\"1\" data-slides-space=\"0\"><div class=\"slider-wrapper swiper-wrapper\"><div  class=\"slider-slide swiper-slide\" data-image=\"https:\/\/www.copyandprint.es\/wp-content\/uploads\/revslider\/slider-1_boxed\/Printing_31.jpg\" style=\"background-image:url(https:\/\/www.copyandprint.es\/wp-content\/uploads\/revslider\/slider-1_boxed\/Printing_31.jpg);\"><\/div><div  class=\"slider-slide swiper-slide\" data-image=\"https:\/\/www.copyandprint.es\/wp-content\/uploads\/2020\/08\/slider_1-11.png\" style=\"background-image:url(https:\/\/www.copyandprint.es\/wp-content\/uploads\/2020\/08\/slider_1-11.png);\"><\/div><\/div><!-- \/.slider-wrapper --><div class=\"slider_controls_wrap\"><a class=\"slider_prev swiper-button-prev\" href=\"#\"><\/a><a class=\"slider_next swiper-button-next\" href=\"#\"><\/a><\/div><\/div><!-- \/.slider_container --><\/div><!-- \/.slider_outer -->\t\t\t<\/div>\r\n\t\t\t<\/aside><\/div><\/div><\/div><\/div><div class=\"wpb_column vc_column_container vc_col-sm-12 sc_layouts_column_icons_position_left\"><div class=\"vc_column-inner\"><div class=\"wpb_wrapper\"><div class=\"vc_empty_space  height_huge\"   style=\"height: 32px\"><span class=\"vc_empty_space_inner\"><\/span><\/div><\/div><\/div><\/div><\/div><div class=\"vc_row-full-width vc_clearfix\"><\/div>","protected":false},"excerpt":{"rendered":"NosotrosCopister\u00eda Online Copy&PrintEn COPYANDPRINT nos esforzamos cada d\u00eda por dar lo mejor de nosotros mismos teniendo siempre presente que lo m\u00e1s importante es la satisfacci\u00f3n de nuestros clientes. Ofrecemos los precios m\u00e1s competitivos y el mejor y m\u00e1s eficaz servicio&hellip;","protected":false},"author":1,"featured_media":0,"parent":0,"menu_order":0,"comment_status":"closed","ping_status":"closed","template":"","meta":{"footnotes":""},"class_list":["post-30","page","type-page","status-publish","hentry"],"yoast_head":"<!-- This site is optimized with the Yoast SEO plugin v20.9 - https:\/\/yoast.com\/wordpress\/plugins\/seo\/ -->\n<title>Quienes somos - Copy and Print<\/title>\n<meta name=\"description\" content=\"Copister\u00eda en Cieza y Online. Recoge tus copias en tienda o te lo enviamos a casa.\" \/>\n<meta name=\"robots\" content=\"index, follow, max-snippet:-1, max-image-preview:large, max-video-preview:-1\" \/>\n<link rel=\"canonical\" href=\"https:\/\/www.copyandprint.es\/en\/nosotros\/\" \/>\n<meta property=\"og:locale\" content=\"en_GB\" \/>\n<meta property=\"og:type\" content=\"article\" \/>\n<meta property=\"og:title\" content=\"Quienes somos - Copy and Print\" \/>\n<meta property=\"og:description\" content=\"Copister\u00eda en Cieza y Online. Recoge tus copias en tienda o te lo enviamos a casa.\" \/>\n<meta property=\"og:url\" content=\"https:\/\/www.copyandprint.es\/en\/nosotros\/\" \/>\n<meta property=\"og:site_name\" content=\"Copy and Print\" \/>\n<meta property=\"article:modified_time\" content=\"2023-08-01T14:37:35+00:00\" \/>\n<meta name=\"twitter:card\" content=\"summary_large_image\" \/>\n<meta name=\"twitter:label1\" content=\"Estimated reading time\" \/>\n\t<meta name=\"twitter:data1\" content=\"1 minute\" \/>\n<script type=\"application\/ld+json\" class=\"yoast-schema-graph\">{\"@context\":\"https:\/\/schema.org\",\"@graph\":[{\"@type\":\"WebPage\",\"@id\":\"https:\/\/www.copyandprint.es\/nosotros\/\",\"url\":\"https:\/\/www.copyandprint.es\/nosotros\/\",\"name\":\"Quienes somos - Copy and Print\",\"isPartOf\":{\"@id\":\"https:\/\/www.copyandprint.es\/#website\"},\"datePublished\":\"2017-06-20T11:39:44+00:00\",\"dateModified\":\"2023-08-01T14:37:35+00:00\",\"description\":\"Copister\u00eda en Cieza y Online. Recoge tus copias en tienda o te lo enviamos a casa.\",\"breadcrumb\":{\"@id\":\"https:\/\/www.copyandprint.es\/nosotros\/#breadcrumb\"},\"inLanguage\":\"en-GB\",\"potentialAction\":[{\"@type\":\"ReadAction\",\"target\":[\"https:\/\/www.copyandprint.es\/nosotros\/\"]}]},{\"@type\":\"BreadcrumbList\",\"@id\":\"https:\/\/www.copyandprint.es\/nosotros\/#breadcrumb\",\"itemListElement\":[{\"@type\":\"ListItem\",\"position\":1,\"name\":\"Portada\",\"item\":\"https:\/\/www.copyandprint.es\/\"},{\"@type\":\"ListItem\",\"position\":2,\"name\":\"Quienes somos\"}]},{\"@type\":\"WebSite\",\"@id\":\"https:\/\/www.copyandprint.es\/#website\",\"url\":\"https:\/\/www.copyandprint.es\/\",\"name\":\"Copy and Print\",\"description\":\"Copister\u00eda en Cieza\",\"publisher\":{\"@id\":\"https:\/\/www.copyandprint.es\/#organization\"},\"potentialAction\":[{\"@type\":\"SearchAction\",\"target\":{\"@type\":\"EntryPoint\",\"urlTemplate\":\"https:\/\/www.copyandprint.es\/?s={search_term_string}\"},\"query-input\":\"required name=search_term_string\"}],\"inLanguage\":\"en-GB\"},{\"@type\":\"Organization\",\"@id\":\"https:\/\/www.copyandprint.es\/#organization\",\"name\":\"Copy&Print\",\"url\":\"https:\/\/www.copyandprint.es\/\",\"logo\":{\"@type\":\"ImageObject\",\"inLanguage\":\"en-GB\",\"@id\":\"https:\/\/www.copyandprint.es\/#\/schema\/logo\/image\/\",\"url\":\"https:\/\/www.copyandprint.es\/wp-content\/uploads\/2020\/08\/copyandprint.png\",\"contentUrl\":\"https:\/\/www.copyandprint.es\/wp-content\/uploads\/2020\/08\/copyandprint.png\",\"width\":370,\"height\":79,\"caption\":\"Copy&Print\"},\"image\":{\"@id\":\"https:\/\/www.copyandprint.es\/#\/schema\/logo\/image\/\"}}]}<\/script>\n<!-- \/ Yoast SEO plugin. -->","yoast_head_json":{"title":"Quienes somos - Copy and Print","description":"Copister\u00eda en Cieza y Online. Recoge tus copias en tienda o te lo enviamos a casa.","robots":{"index":"index","follow":"follow","max-snippet":"max-snippet:-1","max-image-preview":"max-image-preview:large","max-video-preview":"max-video-preview:-1"},"canonical":"https:\/\/www.copyandprint.es\/en\/nosotros\/","og_locale":"en_GB","og_type":"article","og_title":"Quienes somos - Copy and Print","og_description":"Copister\u00eda en Cieza y Online. Recoge tus copias en tienda o te lo enviamos a casa.","og_url":"https:\/\/www.copyandprint.es\/en\/nosotros\/","og_site_name":"Copy and Print","article_modified_time":"2023-08-01T14:37:35+00:00","twitter_card":"summary_large_image","twitter_misc":{"Estimated reading time":"1 minute"},"schema":{"@context":"https:\/\/schema.org","@graph":[{"@type":"WebPage","@id":"https:\/\/www.copyandprint.es\/nosotros\/","url":"https:\/\/www.copyandprint.es\/nosotros\/","name":"Quienes somos - Copy and Print","isPartOf":{"@id":"https:\/\/www.copyandprint.es\/#website"},"datePublished":"2017-06-20T11:39:44+00:00","dateModified":"2023-08-01T14:37:35+00:00","description":"Copister\u00eda en Cieza y Online. Recoge tus copias en tienda o te lo enviamos a casa.","breadcrumb":{"@id":"https:\/\/www.copyandprint.es\/nosotros\/#breadcrumb"},"inLanguage":"en-GB","potentialAction":[{"@type":"ReadAction","target":["https:\/\/www.copyandprint.es\/nosotros\/"]}]},{"@type":"BreadcrumbList","@id":"https:\/\/www.copyandprint.es\/nosotros\/#breadcrumb","itemListElement":[{"@type":"ListItem","position":1,"name":"Portada","item":"https:\/\/www.copyandprint.es\/"},{"@type":"ListItem","position":2,"name":"Quienes somos"}]},{"@type":"WebSite","@id":"https:\/\/www.copyandprint.es\/#website","url":"https:\/\/www.copyandprint.es\/","name":"Copy and Print","description":"Copister\u00eda en Cieza","publisher":{"@id":"https:\/\/www.copyandprint.es\/#organization"},"potentialAction":[{"@type":"SearchAction","target":{"@type":"EntryPoint","urlTemplate":"https:\/\/www.copyandprint.es\/?s={search_term_string}"},"query-input":"required name=search_term_string"}],"inLanguage":"en-GB"},{"@type":"Organization","@id":"https:\/\/www.copyandprint.es\/#organization","name":"Copy&Print","url":"https:\/\/www.copyandprint.es\/","logo":{"@type":"ImageObject","inLanguage":"en-GB","@id":"https:\/\/www.copyandprint.es\/#\/schema\/logo\/image\/","url":"https:\/\/www.copyandprint.es\/wp-content\/uploads\/2020\/08\/copyandprint.png","contentUrl":"https:\/\/www.copyandprint.es\/wp-content\/uploads\/2020\/08\/copyandprint.png","width":370,"height":79,"caption":"Copy&Print"},"image":{"@id":"https:\/\/www.copyandprint.es\/#\/schema\/logo\/image\/"}}]}},"_links":{"self":[{"href":"https:\/\/www.copyandprint.es\/en\/wp-json\/wp\/v2\/pages\/30","targetHints":{"allow":["GET"]}}],"collection":[{"href":"https:\/\/www.copyandprint.es\/en\/wp-json\/wp\/v2\/pages"}],"about":[{"href":"https:\/\/www.copyandprint.es\/en\/wp-json\/wp\/v2\/types\/page"}],"author":[{"embeddable":true,"href":"https:\/\/www.copyandprint.es\/en\/wp-json\/wp\/v2\/users\/1"}],"replies":[{"embeddable":true,"href":"https:\/\/www.copyandprint.es\/en\/wp-json\/wp\/v2\/comments?post=30"}],"version-history":[{"count":15,"href":"https:\/\/www.copyandprint.es\/en\/wp-json\/wp\/v2\/pages\/30\/revisions"}],"predecessor-version":[{"id":2790,"href":"https:\/\/www.copyandprint.es\/en\/wp-json\/wp\/v2\/pages\/30\/revisions\/2790"}],"wp:attachment":[{"href":"https:\/\/www.copyandprint.es\/en\/wp-json\/wp\/v2\/media?parent=30"}],"curies":[{"name":"wp","href":"https:\/\/api.w.org\/{rel}","templated":true}]}}