{"id":2808,"date":"2023-08-02T10:44:44","date_gmt":"2023-08-02T08:44:44","guid":{"rendered":"https:\/\/www.copyandprint.es\/?page_id=2808"},"modified":"2023-08-03T10:52:50","modified_gmt":"2023-08-03T08:52:50","slug":"blog","status":"publish","type":"page","link":"https:\/\/www.copyandprint.es\/en\/blog\/","title":{"rendered":"Blog"},"content":{"rendered":"<div data-vc-full-width=\"true\" data-vc-full-width-init=\"false\" class=\"vc_row wpb_row vc_row-fluid vc_custom_1507878724920 vc_row-has-fill vc_row-o-equal-height vc_row-o-content-middle vc_row-flex\"><div class=\"wpb_column vc_column_container vc_col-sm-12 sc_layouts_column_icons_position_left\"><div class=\"vc_column-inner\"><div class=\"wpb_wrapper\"><div class=\"vc_empty_space  height_huge\"   style=\"height: 32px\"><span class=\"vc_empty_space_inner\"><\/span><\/div>\n<div class=\"vc_grid-container-wrapper vc_clearfix\">\n\t<div class=\"vc_grid-container vc_clearfix wpb_content_element vc_basic_grid\" data-initial-loading-animation=\"fadeIn\" data-vc-grid-settings=\"{&quot;page_id&quot;:2808,&quot;style&quot;:&quot;all&quot;,&quot;action&quot;:&quot;vc_get_vc_grid_data&quot;,&quot;shortcode_id&quot;:&quot;1691051867811-541145b22e8d5f9fa675ad54a1ad0979-0&quot;,&quot;tag&quot;:&quot;vc_basic_grid&quot;}\" data-vc-request=\"https:\/\/www.copyandprint.es\/wp-admin\/admin-ajax.php\" data-vc-post-id=\"2808\" data-vc-public-nonce=\"a121a56e41\">\n\t\t<style data-type=\"vc_shortcodes-custom-css\">.vc_custom_1419240516480{background-color: #f9f9f9 !important;}<\/style><div class=\"vc_grid vc_row vc_grid-gutter-20px vc_pageable-wrapper vc_hook_hover\" data-vc-pageable-content=\"true\"><div class=\"vc_pageable-slide-wrapper vc_clearfix\" data-vc-grid-content=\"true\"><div class=\"vc_grid-item vc_clearfix vc_col-sm-4 vc_grid-item-zone-c-bottom\"><div class=\"vc_grid-item-mini vc_clearfix\"><div class=\"vc_gitem-animated-block\" \"><div class=\"vc_gitem-zone vc_gitem-zone-a vc-gitem-zone-height-mode-auto vc-gitem-zone-height-mode-auto-1-1 vc_gitem-is-link\" style=\"background-image: url('https:\/\/www.copyandprint.es\/wp-content\/uploads\/2023\/08\/copisteria-cieza.jpg') !important;\"><a href=\"https:\/\/www.copyandprint.es\/en\/copisteria-en-cieza\/\" title=\"Shop in Cieza\" class=\"vc_gitem-link vc-zone-link\"><\/a><img decoding=\"async\" src=\"https:\/\/www.copyandprint.es\/wp-content\/uploads\/2023\/08\/copisteria-cieza.jpg\" class=\"vc_gitem-zone-img\" alt=\"copisteria cieza pila de libros\"><div class=\"vc_gitem-zone-mini\"><\/div><\/div><\/div><div class=\"vc_gitem-zone vc_gitem-zone-c vc_custom_1419240516480\"><div class=\"vc_gitem-zone-mini\"><div class=\"vc_gitem_row vc_row vc_gitem-row-position-top\"><div class=\"vc_col-sm-12 vc_gitem-col vc_gitem-col-align-\"><div class=\"vc_custom_heading vc_gitem-post-data vc_gitem-post-data-source-post_title\" ><h4 style=\"text-align: left\" >Shop in Cieza<\/h4><\/div><div class=\"vc_custom_heading vc_gitem-post-data vc_gitem-post-data-source-post_excerpt\" ><p style=\"text-align: left\" ><p>If you are looking for a shop in Cieza, Copy and Print is your best option. We are a company with over 20 years of experience in the industry, and we offer a wide range of services in printing, copying, binding, laminating unit, etc....<\/p>\n<\/p><\/div><div class=\"vc_btn3-container vc_btn3-left\"><a class=\"vc_general vc_btn3 vc_btn3-size-md vc_btn3-shape-rounded vc_btn3-style-flat vc_btn3-color-juicy-pink\" a href=\"https:\/\/www.copyandprint.es\/en\/copisteria-en-cieza\/\" title=\"Read more\">Read more<\/a><\/div><\/div><\/div><\/div><\/div><\/div><div class=\"vc_clearfix\"><\/div><\/div><div class=\"vc_grid-item vc_clearfix vc_col-sm-4 vc_grid-item-zone-c-bottom\"><div class=\"vc_grid-item-mini vc_clearfix\"><div class=\"vc_gitem-animated-block\" \"><div class=\"vc_gitem-zone vc_gitem-zone-a vc-gitem-zone-height-mode-auto vc-gitem-zone-height-mode-auto-1-1 vc_gitem-is-link\" style=\"background-image: url('https:\/\/www.copyandprint.es\/wp-content\/uploads\/2023\/08\/productos-personalizados-imprenta-online.jpg') !important;\"><a href=\"https:\/\/www.copyandprint.es\/en\/copisteria-online-con-impresion-de-productos-personalizados\/\" title=\"Shop online with printing of custom products\" class=\"vc_gitem-link vc-zone-link\"><\/a><img decoding=\"async\" src=\"https:\/\/www.copyandprint.es\/wp-content\/uploads\/2023\/08\/productos-personalizados-imprenta-online.jpg\" class=\"vc_gitem-zone-img\" alt=\"taza productos personalizados imprenta online\"><div class=\"vc_gitem-zone-mini\"><\/div><\/div><\/div><div class=\"vc_gitem-zone vc_gitem-zone-c vc_custom_1419240516480\"><div class=\"vc_gitem-zone-mini\"><div class=\"vc_gitem_row vc_row vc_gitem-row-position-top\"><div class=\"vc_col-sm-12 vc_gitem-col vc_gitem-col-align-\"><div class=\"vc_custom_heading vc_gitem-post-data vc_gitem-post-data-source-post_title\" ><h4 style=\"text-align: left\" >Shop online with printing of custom products<\/h4><\/div><div class=\"vc_custom_heading vc_gitem-post-data vc_gitem-post-data-source-post_excerpt\" ><p style=\"text-align: left\" ><p>Copyandprint.it is a shop online that offers a wide range of printing services, including printing of custom products. With us, you can print your own custom items, such as mugs, t-shirts, posters, calendars, and much more. Why choose Copyandprint.it is...<\/p>\n<\/p><\/div><div class=\"vc_btn3-container vc_btn3-left\"><a class=\"vc_general vc_btn3 vc_btn3-size-md vc_btn3-shape-rounded vc_btn3-style-flat vc_btn3-color-juicy-pink\" a href=\"https:\/\/www.copyandprint.es\/en\/copisteria-online-con-impresion-de-productos-personalizados\/\" title=\"Read more\">Read more<\/a><\/div><\/div><\/div><\/div><\/div><\/div><div class=\"vc_clearfix\"><\/div><\/div><div class=\"vc_grid-item vc_clearfix vc_col-sm-4 vc_grid-item-zone-c-bottom\"><div class=\"vc_grid-item-mini vc_clearfix\"><div class=\"vc_gitem-animated-block\" \"><div class=\"vc_gitem-zone vc_gitem-zone-a vc-gitem-zone-height-mode-auto vc-gitem-zone-height-mode-auto-1-1 vc_gitem-is-link\" style=\"background-image: url('https:\/\/www.copyandprint.es\/wp-content\/uploads\/2023\/08\/imprenta-online.jpg') !important;\"><a href=\"https:\/\/www.copyandprint.es\/en\/la-copisteria-online-que-te-ahorra-tiempo-y-dinero\/\" title=\"The shop online that saves you time and money\" class=\"vc_gitem-link vc-zone-link\"><\/a><img decoding=\"async\" src=\"https:\/\/www.copyandprint.es\/wp-content\/uploads\/2023\/08\/imprenta-online.jpg\" class=\"vc_gitem-zone-img\" alt=\"imprenta online\"><div class=\"vc_gitem-zone-mini\"><\/div><\/div><\/div><div class=\"vc_gitem-zone vc_gitem-zone-c vc_custom_1419240516480\"><div class=\"vc_gitem-zone-mini\"><div class=\"vc_gitem_row vc_row vc_gitem-row-position-top\"><div class=\"vc_col-sm-12 vc_gitem-col vc_gitem-col-align-\"><div class=\"vc_custom_heading vc_gitem-post-data vc_gitem-post-data-source-post_title\" ><h4 style=\"text-align: left\" >The shop online that saves you time and money<\/h4><\/div><div class=\"vc_custom_heading vc_gitem-post-data vc_gitem-post-data-source-post_excerpt\" ><p style=\"text-align: left\" ><p>In the digital age, everything has become faster and more efficient. No longer do you need to go to a shop to print your documents, because you can now do it online from any place. Copyandprint.it is a shop online that offers you...<\/p>\n<\/p><\/div><div class=\"vc_btn3-container vc_btn3-left\"><a class=\"vc_general vc_btn3 vc_btn3-size-md vc_btn3-shape-rounded vc_btn3-style-flat vc_btn3-color-juicy-pink\" a href=\"https:\/\/www.copyandprint.es\/en\/la-copisteria-online-que-te-ahorra-tiempo-y-dinero\/\" title=\"Read more\">Read more<\/a><\/div><\/div><\/div><\/div><\/div><\/div><div class=\"vc_clearfix\"><\/div><\/div><\/div><\/div>\n\t<\/div>\n<\/div><\/div><\/div><\/div><div class=\"wpb_column vc_column_container vc_col-sm-12 sc_layouts_column_icons_position_left\"><div class=\"vc_column-inner\"><div class=\"wpb_wrapper\"><div class=\"vc_empty_space  height_huge\"   style=\"height: 32px\"><span class=\"vc_empty_space_inner\"><\/span><\/div><\/div><\/div><\/div><\/div><div class=\"vc_row-full-width vc_clearfix\"><\/div><div class=\"vc_row wpb_row vc_row-fluid\"><div class=\"wpb_column vc_column_container vc_col-sm-12 sc_layouts_column_icons_position_left\"><div class=\"vc_column-inner\"><div class=\"wpb_wrapper\"><div id=\"widget_popular_posts_1020611126\" class=\"widget_area sc_widget_popular_posts vc_widget_popular_posts wpb_content_element\"><\/div><\/div><\/div><\/div><\/div><div class=\"vc_row wpb_row vc_row-fluid\"><div class=\"wpb_column vc_column_container vc_col-sm-12 sc_layouts_column_icons_position_left\"><div class=\"vc_column-inner\"><div class=\"wpb_wrapper\"><\/div><\/div><\/div><\/div>","protected":false},"excerpt":{"rendered":"Copister\u00eda online con impresi\u00f3n de productos personalizadosCopyandprint.es es una copister\u00eda online que ofrece una amplia gama de servicios de impresi\u00f3n, incluyendo la impresi\u00f3n de productos personalizados. Con nosotros, puedes imprimir tus propios art\u00edculos personalizados, como tazas, camisetas, p\u00f3sters, calendarios, y&hellip;","protected":false},"author":1,"featured_media":0,"parent":0,"menu_order":0,"comment_status":"closed","ping_status":"closed","template":"","meta":{"footnotes":""},"class_list":["post-2808","page","type-page","status-publish","hentry"],"yoast_head":"<!-- This site is optimized with the Yoast SEO plugin v20.9 - https:\/\/yoast.com\/wordpress\/plugins\/seo\/ -->\n<title>Blog - Copy and Print<\/title>\n<meta name=\"description\" content=\"Copister\u00eda en Cieza y Online. Recoge tus copias en tienda o te lo enviamos a casa.\" \/>\n<meta name=\"robots\" content=\"index, follow, max-snippet:-1, max-image-preview:large, max-video-preview:-1\" \/>\n<link rel=\"canonical\" href=\"https:\/\/www.copyandprint.es\/en\/blog\/\" \/>\n<meta property=\"og:locale\" content=\"en_GB\" \/>\n<meta property=\"og:type\" content=\"article\" \/>\n<meta property=\"og:title\" content=\"Blog - Copy and Print\" \/>\n<meta property=\"og:description\" content=\"Copister\u00eda en Cieza y Online. Recoge tus copias en tienda o te lo enviamos a casa.\" \/>\n<meta property=\"og:url\" content=\"https:\/\/www.copyandprint.es\/en\/blog\/\" \/>\n<meta property=\"og:site_name\" content=\"Copy and Print\" \/>\n<meta property=\"article:modified_time\" content=\"2023-08-03T08:52:50+00:00\" \/>\n<meta name=\"twitter:card\" content=\"summary_large_image\" \/>\n<meta name=\"twitter:label1\" content=\"Estimated reading time\" \/>\n\t<meta name=\"twitter:data1\" content=\"1 minute\" \/>\n<script type=\"application\/ld+json\" class=\"yoast-schema-graph\">{\"@context\":\"https:\/\/schema.org\",\"@graph\":[{\"@type\":\"WebPage\",\"@id\":\"https:\/\/www.copyandprint.es\/blog\/\",\"url\":\"https:\/\/www.copyandprint.es\/blog\/\",\"name\":\"Blog - Copy and Print\",\"isPartOf\":{\"@id\":\"https:\/\/www.copyandprint.es\/#website\"},\"datePublished\":\"2023-08-02T08:44:44+00:00\",\"dateModified\":\"2023-08-03T08:52:50+00:00\",\"description\":\"Copister\u00eda en Cieza y Online. Recoge tus copias en tienda o te lo enviamos a casa.\",\"breadcrumb\":{\"@id\":\"https:\/\/www.copyandprint.es\/blog\/#breadcrumb\"},\"inLanguage\":\"en-GB\",\"potentialAction\":[{\"@type\":\"ReadAction\",\"target\":[\"https:\/\/www.copyandprint.es\/blog\/\"]}]},{\"@type\":\"BreadcrumbList\",\"@id\":\"https:\/\/www.copyandprint.es\/blog\/#breadcrumb\",\"itemListElement\":[{\"@type\":\"ListItem\",\"position\":1,\"name\":\"Portada\",\"item\":\"https:\/\/www.copyandprint.es\/\"},{\"@type\":\"ListItem\",\"position\":2,\"name\":\"Blog\"}]},{\"@type\":\"WebSite\",\"@id\":\"https:\/\/www.copyandprint.es\/#website\",\"url\":\"https:\/\/www.copyandprint.es\/\",\"name\":\"Copy and Print\",\"description\":\"Copister\u00eda en Cieza\",\"publisher\":{\"@id\":\"https:\/\/www.copyandprint.es\/#organization\"},\"potentialAction\":[{\"@type\":\"SearchAction\",\"target\":{\"@type\":\"EntryPoint\",\"urlTemplate\":\"https:\/\/www.copyandprint.es\/?s={search_term_string}\"},\"query-input\":\"required name=search_term_string\"}],\"inLanguage\":\"en-GB\"},{\"@type\":\"Organization\",\"@id\":\"https:\/\/www.copyandprint.es\/#organization\",\"name\":\"Copy&Print\",\"url\":\"https:\/\/www.copyandprint.es\/\",\"logo\":{\"@type\":\"ImageObject\",\"inLanguage\":\"en-GB\",\"@id\":\"https:\/\/www.copyandprint.es\/#\/schema\/logo\/image\/\",\"url\":\"https:\/\/www.copyandprint.es\/wp-content\/uploads\/2020\/08\/copyandprint.png\",\"contentUrl\":\"https:\/\/www.copyandprint.es\/wp-content\/uploads\/2020\/08\/copyandprint.png\",\"width\":370,\"height\":79,\"caption\":\"Copy&Print\"},\"image\":{\"@id\":\"https:\/\/www.copyandprint.es\/#\/schema\/logo\/image\/\"}}]}<\/script>\n<!-- \/ Yoast SEO plugin. -->","yoast_head_json":{"title":"Blog - Copy and Print","description":"Copister\u00eda en Cieza y Online. Recoge tus copias en tienda o te lo enviamos a casa.","robots":{"index":"index","follow":"follow","max-snippet":"max-snippet:-1","max-image-preview":"max-image-preview:large","max-video-preview":"max-video-preview:-1"},"canonical":"https:\/\/www.copyandprint.es\/en\/blog\/","og_locale":"en_GB","og_type":"article","og_title":"Blog - Copy and Print","og_description":"Copister\u00eda en Cieza y Online. Recoge tus copias en tienda o te lo enviamos a casa.","og_url":"https:\/\/www.copyandprint.es\/en\/blog\/","og_site_name":"Copy and Print","article_modified_time":"2023-08-03T08:52:50+00:00","twitter_card":"summary_large_image","twitter_misc":{"Estimated reading time":"1 minute"},"schema":{"@context":"https:\/\/schema.org","@graph":[{"@type":"WebPage","@id":"https:\/\/www.copyandprint.es\/blog\/","url":"https:\/\/www.copyandprint.es\/blog\/","name":"Blog - Copy and Print","isPartOf":{"@id":"https:\/\/www.copyandprint.es\/#website"},"datePublished":"2023-08-02T08:44:44+00:00","dateModified":"2023-08-03T08:52:50+00:00","description":"Copister\u00eda en Cieza y Online. Recoge tus copias en tienda o te lo enviamos a casa.","breadcrumb":{"@id":"https:\/\/www.copyandprint.es\/blog\/#breadcrumb"},"inLanguage":"en-GB","potentialAction":[{"@type":"ReadAction","target":["https:\/\/www.copyandprint.es\/blog\/"]}]},{"@type":"BreadcrumbList","@id":"https:\/\/www.copyandprint.es\/blog\/#breadcrumb","itemListElement":[{"@type":"ListItem","position":1,"name":"Portada","item":"https:\/\/www.copyandprint.es\/"},{"@type":"ListItem","position":2,"name":"Blog"}]},{"@type":"WebSite","@id":"https:\/\/www.copyandprint.es\/#website","url":"https:\/\/www.copyandprint.es\/","name":"Copy and Print","description":"Copister\u00eda en Cieza","publisher":{"@id":"https:\/\/www.copyandprint.es\/#organization"},"potentialAction":[{"@type":"SearchAction","target":{"@type":"EntryPoint","urlTemplate":"https:\/\/www.copyandprint.es\/?s={search_term_string}"},"query-input":"required name=search_term_string"}],"inLanguage":"en-GB"},{"@type":"Organization","@id":"https:\/\/www.copyandprint.es\/#organization","name":"Copy&Print","url":"https:\/\/www.copyandprint.es\/","logo":{"@type":"ImageObject","inLanguage":"en-GB","@id":"https:\/\/www.copyandprint.es\/#\/schema\/logo\/image\/","url":"https:\/\/www.copyandprint.es\/wp-content\/uploads\/2020\/08\/copyandprint.png","contentUrl":"https:\/\/www.copyandprint.es\/wp-content\/uploads\/2020\/08\/copyandprint.png","width":370,"height":79,"caption":"Copy&Print"},"image":{"@id":"https:\/\/www.copyandprint.es\/#\/schema\/logo\/image\/"}}]}},"_links":{"self":[{"href":"https:\/\/www.copyandprint.es\/en\/wp-json\/wp\/v2\/pages\/2808","targetHints":{"allow":["GET"]}}],"collection":[{"href":"https:\/\/www.copyandprint.es\/en\/wp-json\/wp\/v2\/pages"}],"about":[{"href":"https:\/\/www.copyandprint.es\/en\/wp-json\/wp\/v2\/types\/page"}],"author":[{"embeddable":true,"href":"https:\/\/www.copyandprint.es\/en\/wp-json\/wp\/v2\/users\/1"}],"replies":[{"embeddable":true,"href":"https:\/\/www.copyandprint.es\/en\/wp-json\/wp\/v2\/comments?post=2808"}],"version-history":[{"count":7,"href":"https:\/\/www.copyandprint.es\/en\/wp-json\/wp\/v2\/pages\/2808\/revisions"}],"predecessor-version":[{"id":2819,"href":"https:\/\/www.copyandprint.es\/en\/wp-json\/wp\/v2\/pages\/2808\/revisions\/2819"}],"wp:attachment":[{"href":"https:\/\/www.copyandprint.es\/en\/wp-json\/wp\/v2\/media?parent=2808"}],"curies":[{"name":"wp","href":"https:\/\/api.w.org\/{rel}","templated":true}]}}