{"id":2437,"date":"2020-08-31T17:43:25","date_gmt":"2020-08-31T15:43:25","guid":{"rendered":"https:\/\/www.copyandprint.es\/?page_id=2437"},"modified":"2020-08-31T17:56:35","modified_gmt":"2020-08-31T15:56:35","slug":"ayuda-imprimir","status":"publish","type":"page","link":"https:\/\/www.copyandprint.es\/en\/ayuda-imprimir\/","title":{"rendered":"Ayuda Imprimir"},"content":{"rendered":"<div data-vc-full-width=\"true\" data-vc-full-width-init=\"false\" class=\"vc_row wpb_row vc_row-fluid vc_custom_1507878724920 vc_row-has-fill vc_row-o-equal-height vc_row-o-content-middle vc_row-flex\"><div class=\"wpb_column vc_column_container vc_col-sm-12 sc_layouts_column_icons_position_left\"><div class=\"vc_column-inner\"><div class=\"wpb_wrapper\"><div class=\"vc_empty_space  height_huge\"   style=\"height: 32px\"><span class=\"vc_empty_space_inner\"><\/span><\/div><\/div><\/div><\/div><div class=\"wpb_column vc_column_container vc_col-sm-8 sc_layouts_column_icons_position_left\"><div class=\"vc_column-inner\"><div class=\"wpb_wrapper\"><div id=\"sc_title_632751979\"\r\n\t\tclass=\"sc_title color_style_default sc_title_default\"><h6 class=\"sc_item_subtitle sc_title_subtitle sc_align_left sc_item_title_style_default\">Do you need help?<\/h6><h3 class=\"sc_item_title sc_title_title sc_align_left sc_item_title_style_default\">Archivo en PDF<\/h3><\/div><!-- \/.sc_title -->\n\t<div class=\"wpb_text_column wpb_content_element\" >\n\t\t<div class=\"wpb_wrapper\">\n\t\t\t<p style=\"text-align: justify;\">Para poder realizar tu pedido online, tendr\u00e1s que exportar tu archivo a formato PDF. Para ello si estas usando el paquete office solo tendr\u00e1s que ir a las opciones de archivo y seleccionar \u00abGuardar como PDF\u00bb.<\/p>\n<p>Si necesitas combinar archivos o no tienes alg\u00fan problema te dejamos a continuaci\u00f3n dos enlaces donde podr\u00e1s realizar estas tareas de manera sencilla:<\/p>\n<p><a href=\"https:\/\/smallpdf.com\/es\/convertidor-pdf\">Convertir a PDF Online<\/a><\/p>\n<p><a href=\"https:\/\/www.ilovepdf.com\/es\/unir_pdf\">Combinar archivos PDF<\/a><\/p>\n<p style=\"text-align: justify;\">Si has seleccionado tu archivo PDF y no te esta mostrando las paginas en el proceso de compra, puede ser debido a que algunos archivos pueden estar cifrados, prueba a guardarlo de nuevo como PDF y subelo con esto bastar\u00eda para que el sistema reconozca correctamente las paginas de tu archivo.<\/p>\n<p style=\"text-align: justify;\">Si tienes alg\u00fan otro tipo de problema para realizar tu pedido no dudes en ponerte en contacto con nuestro soporte para solucionar tu incidencia.<\/p>\n\n\t\t<\/div>\n\t<\/div>\n<\/div><\/div><\/div><div class=\"wpb_column vc_column_container vc_col-sm-4 sc_layouts_column_icons_position_left\"><div class=\"vc_column-inner\"><div class=\"wpb_wrapper\"><div class=\"vc_empty_space  hide_on_desktop hide_on_notebook hide_on_tablet height_large\"   style=\"height: 32px\"><span class=\"vc_empty_space_inner\"><\/span><\/div>\n\t<div  class=\"wpb_single_image wpb_content_element vc_align_center\">\n\t\t\n\t\t<figure class=\"wpb_wrapper vc_figure\">\n\t\t\t<div class=\"vc_single_image-wrapper   vc_box_border_grey\"><img loading=\"lazy\" decoding=\"async\" width=\"150\" height=\"150\" src=\"https:\/\/www.copyandprint.es\/wp-content\/uploads\/2020\/08\/iconfinder_pdf_272699-150x150.png\" class=\"vc_single_image-img attachment-thumbnail\" alt=\"\" srcset=\"https:\/\/www.copyandprint.es\/wp-content\/uploads\/2020\/08\/iconfinder_pdf_272699-150x150.png 150w, https:\/\/www.copyandprint.es\/wp-content\/uploads\/2020\/08\/iconfinder_pdf_272699-100x100.png 100w, https:\/\/www.copyandprint.es\/wp-content\/uploads\/2020\/08\/iconfinder_pdf_272699-300x300.png 300w, https:\/\/www.copyandprint.es\/wp-content\/uploads\/2020\/08\/iconfinder_pdf_272699-370x370.png 370w, https:\/\/www.copyandprint.es\/wp-content\/uploads\/2020\/08\/iconfinder_pdf_272699-90x90.png 90w, https:\/\/www.copyandprint.es\/wp-content\/uploads\/2020\/08\/iconfinder_pdf_272699-180x180.png 180w, https:\/\/www.copyandprint.es\/wp-content\/uploads\/2020\/08\/iconfinder_pdf_272699.png 512w\" sizes=\"auto, (max-width: 150px) 100vw, 150px\" \/><\/div>\n\t\t<\/figure>\n\t<\/div>\n<\/div><\/div><\/div><div class=\"wpb_column vc_column_container vc_col-sm-12 sc_layouts_column_icons_position_left\"><div class=\"vc_column-inner\"><div class=\"wpb_wrapper\"><div class=\"vc_empty_space  height_huge\"   style=\"height: 32px\"><span class=\"vc_empty_space_inner\"><\/span><\/div><div id=\"sc_title_1845376751\"\r\n\t\tclass=\"sc_title color_style_default sc_title_default\"><h3 class=\"sc_item_title sc_title_title sc_align_left sc_item_title_style_default\">Soporte<\/h3><\/div><!-- \/.sc_title -->\n<div class=\"wpcf7 no-js\" id=\"wpcf7-f2448-o1\" lang=\"es-ES\" dir=\"ltr\">\n<div class=\"screen-reader-response\"><p role=\"status\" aria-live=\"polite\" aria-atomic=\"true\"><\/p> <ul><\/ul><\/div>\n<form action=\"\/en\/wp-json\/wp\/v2\/pages\/2437#wpcf7-f2448-o1\" method=\"post\" class=\"wpcf7-form init\" aria-label=\"Formulario de contacto\" novalidate=\"novalidate\" data-status=\"init\" data-trp-original-action=\"\/en\/wp-json\/wp\/v2\/pages\/2437#wpcf7-f2448-o1\">\n<div style=\"display: none;\">\n<input type=\"hidden\" name=\"_wpcf7\" value=\"2448\" \/>\n<input type=\"hidden\" name=\"_wpcf7_version\" value=\"5.7.7\" \/>\n<input type=\"hidden\" name=\"_wpcf7_locale\" value=\"es_ES\" \/>\n<input type=\"hidden\" name=\"_wpcf7_unit_tag\" value=\"wpcf7-f2448-o1\" \/>\n<input type=\"hidden\" name=\"_wpcf7_container_post\" value=\"0\" \/>\n<input type=\"hidden\" name=\"_wpcf7_posted_data_hash\" value=\"\" \/>\n<input type=\"hidden\" name=\"_wpcf7_recaptcha_response\" value=\"\" \/>\n<\/div>\n<div class=\"flex\">\n\t<div class='itm row' >\n\t\t<p><span class=\"wpcf7-form-control-wrap\" data-name=\"your-name\"><input size=\"40\" class=\"wpcf7-form-control wpcf7-text wpcf7-validates-as-required\" aria-required=\"true\" aria-invalid=\"false\" placeholder=\"Nombre*\" value=\"\" type=\"text\" name=\"your-name\" \/><\/span>\n\t\t<\/p>\n\t<\/div>\n\t<div class='itm row'>\n\t\t<p><span class=\"wpcf7-form-control-wrap\" data-name=\"your-email\"><input size=\"40\" class=\"wpcf7-form-control wpcf7-text wpcf7-validates-as-required\" aria-required=\"true\" aria-invalid=\"false\" placeholder=\"Correo electr\u00f3nico*\" value=\"\" type=\"text\" name=\"your-email\" \/><\/span>\n\t\t<\/p>\n\t<\/div>\n<\/div>\n<div class=''>\n\t<p><span class=\"wpcf7-form-control-wrap\" data-name=\"your-message\"><textarea cols=\"40\" rows=\"10\" class=\"wpcf7-form-control wpcf7-textarea wpcf7-validates-as-required\" aria-required=\"true\" aria-invalid=\"false\" placeholder=\"Incidencia*\" name=\"your-message\"><\/textarea><\/span>\n\t<\/p>\n<\/div>\n<p><span class=\"wpcf7-form-control-wrap\" data-name=\"acceptance-157\"><span class=\"wpcf7-form-control wpcf7-acceptance\"><span class=\"wpcf7-list-item\"><label><input type=\"checkbox\" name=\"acceptance-157\" value=\"1\" aria-invalid=\"false\" \/><span class=\"wpcf7-list-item-label\">I have read and accept the <strong> <a href=\"https:\/\/www.copyandprint.es\/en\/politica-privacidad\/\">Privacy Policy<\/a>.<\/strong><\/span><\/label><\/span><\/span><\/span><br \/>\n<span class=\"wpcf7-form-control-wrap\" data-name=\"acceptance-642\"><span class=\"wpcf7-form-control wpcf7-acceptance\"><span class=\"wpcf7-list-item\"><label><input type=\"checkbox\" name=\"acceptance-642\" value=\"1\" aria-invalid=\"false\" \/><span class=\"wpcf7-list-item-label\">Acepto el tratamiento de datos con fines publicitarios tal como se indica en la <strong> <a href=\"https:\/\/www.copyandprint.es\/en\/politica-privacidad\/\">Privacy Policy<\/a>.<\/strong>, en el apartado de Env\u00edo de publicidad<\/span><\/label><\/span><\/span><\/span>\n<\/p>\n<div class=\"sc_form_field sc_form_field_button sc_form_field_submit\">\n\t<p><input class=\"wpcf7-form-control has-spinner wpcf7-submit\" type=\"submit\" value=\"Enviar\" \/>\n\t<\/p>\n<\/div>\n<div class='itm row'>\n\t<p>Responsable de tratamiento: Sus datos ser\u00e1n tratados por COPISTER\u00cdA ONLINE E IMPRESI\u00d3N DIGITAL, S.L. con domicilio social en Callej\u00f3n Los Frailes, 6 , 30530 - Cieza (Murcia).<br \/>\nFinalidad y legitimaci\u00f3n: Sus datos ser\u00e1n tratados para los fines especificados en el motivo de contacto y poder darle respuesta a sus peticiones o consultas, con base legal en el consentimiento expreso.<br \/>\nCesiones: no ser\u00e1n cedidos a terceros salvo obligaci\u00f3n legal.<br \/>\nPlazo: Sus datos ser\u00e1n tratados el tiempo estrictamente necesario para el cumplimiento de la finalidad o finalidades concretas que motivaron su recogida, hasta la p\u00e9rdida de relevancia de su uso o, en todo caso, hasta que sean cancelados en respuesta al ejercicio por parte de su titular de los derechos correspondientes.<br \/>\nDerechos: Le informamos que puede ejercer sus derechos de acceso, rectificaci\u00f3n, cancelaci\u00f3n y oposici\u00f3n al tratamiento de sus datos a trav\u00e9s de este formulario de contacto o dirigi\u00e9ndose a la siguiente direcci\u00f3n de correo electr\u00f3nico: comercial@copyandprint.es, o tambi\u00e9n por escrito, adjuntando una copia de un documento acreditativo de su identidad a la direcci\u00f3n: Callej\u00f3n Los Frailes, 6, , 30530 - Cieza (Murcia)<br \/>\nInformaci\u00f3n adicional: Puede consultar la informaci\u00f3n adicional y detallada sobre Protecci\u00f3n de datos en nuestra <strong> <a href=\"https:\/\/www.copyandprint.es\/en\/politica-privacidad\/\">Privacy Policy<\/a>.<\/strong>\n\t<\/p>\n<\/div>\n<p><label> Nombre<br \/>\n<span class=\"wpcf7-form-control-wrap\" data-name=\"your-name\"><input size=\"40\" class=\"wpcf7-form-control wpcf7-text wpcf7-validates-as-required\" aria-required=\"true\" aria-invalid=\"false\" value=\"\" type=\"text\" name=\"your-name\" \/><\/span> <\/label>\n<\/p>\n<p><label> E-Mail<br \/>\n<span class=\"wpcf7-form-control-wrap\" data-name=\"your-email\"><input size=\"40\" class=\"wpcf7-form-control wpcf7-text wpcf7-email wpcf7-validates-as-required wpcf7-validates-as-email\" aria-required=\"true\" aria-invalid=\"false\" value=\"\" type=\"email\" name=\"your-email\" \/><\/span> <\/label>\n<\/p>\n<p><label> Incidencia<br \/>\n<span class=\"wpcf7-form-control-wrap\" data-name=\"your-message\"><textarea cols=\"40\" rows=\"10\" class=\"wpcf7-form-control wpcf7-textarea\" aria-invalid=\"false\" name=\"your-message\"><\/textarea><\/span> <\/label><br \/>\n<span class=\"wpcf7-form-control-wrap\" data-name=\"acceptance-157\"><span class=\"wpcf7-form-control wpcf7-acceptance\"><span class=\"wpcf7-list-item\"><label><input type=\"checkbox\" name=\"acceptance-157\" value=\"1\" aria-invalid=\"false\" \/><span class=\"wpcf7-list-item-label\">I have read and accept the <a href=\"https:\/\/www.copyandprint.es\/en\/politica-privacidad\/\">Privacy Policy<\/a>.<\/span><\/label><\/span><\/span><\/span>\n<\/p>\n<p><input class=\"wpcf7-form-control has-spinner wpcf7-submit\" type=\"submit\" value=\"Enviar\" \/>\n<\/p><div class=\"wpcf7-response-output\" aria-hidden=\"true\"><\/div>\n<input type=\"hidden\" name=\"trp-form-language\" value=\"en\"\/><\/form>\n<\/div>\n<div class=\"vc_empty_space  height_huge\"   style=\"height: 32px\"><span class=\"vc_empty_space_inner\"><\/span><\/div><\/div><\/div><\/div><\/div><div class=\"vc_row-full-width vc_clearfix\"><\/div>","protected":false},"excerpt":{"rendered":"\u00bfNecesitas ayuda?Archivo en PDF Para poder realizar tu pedido online, tendr\u00e1s que exportar tu archivo a formato PDF. Para ello si estas usando el paquete office solo tendr\u00e1s que ir a las opciones de archivo y seleccionar \"Guardar como PDF\".&hellip;","protected":false},"author":1,"featured_media":0,"parent":0,"menu_order":0,"comment_status":"closed","ping_status":"closed","template":"","meta":{"footnotes":""},"class_list":["post-2437","page","type-page","status-publish","hentry"],"yoast_head":"<!-- This site is optimized with the Yoast SEO plugin v20.9 - https:\/\/yoast.com\/wordpress\/plugins\/seo\/ -->\n<title>Ayuda Imprimir - Copy and Print<\/title>\n<meta name=\"robots\" content=\"index, follow, max-snippet:-1, max-image-preview:large, max-video-preview:-1\" \/>\n<link rel=\"canonical\" href=\"https:\/\/www.copyandprint.es\/en\/ayuda-imprimir\/\" \/>\n<meta property=\"og:locale\" content=\"en_GB\" \/>\n<meta property=\"og:type\" content=\"article\" \/>\n<meta property=\"og:title\" content=\"Ayuda Imprimir - Copy and Print\" \/>\n<meta property=\"og:url\" content=\"https:\/\/www.copyandprint.es\/en\/ayuda-imprimir\/\" \/>\n<meta property=\"og:site_name\" content=\"Copy and Print\" \/>\n<meta property=\"article:modified_time\" content=\"2020-08-31T15:56:35+00:00\" \/>\n<meta name=\"twitter:card\" content=\"summary_large_image\" \/>\n<meta name=\"twitter:label1\" content=\"Estimated reading time\" \/>\n\t<meta name=\"twitter:data1\" content=\"2 minutes\" \/>\n<script type=\"application\/ld+json\" class=\"yoast-schema-graph\">{\"@context\":\"https:\/\/schema.org\",\"@graph\":[{\"@type\":\"WebPage\",\"@id\":\"https:\/\/www.copyandprint.es\/ayuda-imprimir\/\",\"url\":\"https:\/\/www.copyandprint.es\/ayuda-imprimir\/\",\"name\":\"Ayuda Imprimir - Copy and Print\",\"isPartOf\":{\"@id\":\"https:\/\/www.copyandprint.es\/#website\"},\"datePublished\":\"2020-08-31T15:43:25+00:00\",\"dateModified\":\"2020-08-31T15:56:35+00:00\",\"breadcrumb\":{\"@id\":\"https:\/\/www.copyandprint.es\/ayuda-imprimir\/#breadcrumb\"},\"inLanguage\":\"en-GB\",\"potentialAction\":[{\"@type\":\"ReadAction\",\"target\":[\"https:\/\/www.copyandprint.es\/ayuda-imprimir\/\"]}]},{\"@type\":\"BreadcrumbList\",\"@id\":\"https:\/\/www.copyandprint.es\/ayuda-imprimir\/#breadcrumb\",\"itemListElement\":[{\"@type\":\"ListItem\",\"position\":1,\"name\":\"Portada\",\"item\":\"https:\/\/www.copyandprint.es\/\"},{\"@type\":\"ListItem\",\"position\":2,\"name\":\"Ayuda Imprimir\"}]},{\"@type\":\"WebSite\",\"@id\":\"https:\/\/www.copyandprint.es\/#website\",\"url\":\"https:\/\/www.copyandprint.es\/\",\"name\":\"Copy and Print\",\"description\":\"Copister\u00eda en Cieza\",\"publisher\":{\"@id\":\"https:\/\/www.copyandprint.es\/#organization\"},\"potentialAction\":[{\"@type\":\"SearchAction\",\"target\":{\"@type\":\"EntryPoint\",\"urlTemplate\":\"https:\/\/www.copyandprint.es\/?s={search_term_string}\"},\"query-input\":\"required name=search_term_string\"}],\"inLanguage\":\"en-GB\"},{\"@type\":\"Organization\",\"@id\":\"https:\/\/www.copyandprint.es\/#organization\",\"name\":\"Copy&Print\",\"url\":\"https:\/\/www.copyandprint.es\/\",\"logo\":{\"@type\":\"ImageObject\",\"inLanguage\":\"en-GB\",\"@id\":\"https:\/\/www.copyandprint.es\/#\/schema\/logo\/image\/\",\"url\":\"https:\/\/www.copyandprint.es\/wp-content\/uploads\/2020\/08\/copyandprint.png\",\"contentUrl\":\"https:\/\/www.copyandprint.es\/wp-content\/uploads\/2020\/08\/copyandprint.png\",\"width\":370,\"height\":79,\"caption\":\"Copy&Print\"},\"image\":{\"@id\":\"https:\/\/www.copyandprint.es\/#\/schema\/logo\/image\/\"}}]}<\/script>\n<!-- \/ Yoast SEO plugin. -->","yoast_head_json":{"title":"Ayuda Imprimir - Copy and Print","robots":{"index":"index","follow":"follow","max-snippet":"max-snippet:-1","max-image-preview":"max-image-preview:large","max-video-preview":"max-video-preview:-1"},"canonical":"https:\/\/www.copyandprint.es\/en\/ayuda-imprimir\/","og_locale":"en_GB","og_type":"article","og_title":"Ayuda Imprimir - Copy and Print","og_url":"https:\/\/www.copyandprint.es\/en\/ayuda-imprimir\/","og_site_name":"Copy and Print","article_modified_time":"2020-08-31T15:56:35+00:00","twitter_card":"summary_large_image","twitter_misc":{"Estimated reading time":"2 minutes"},"schema":{"@context":"https:\/\/schema.org","@graph":[{"@type":"WebPage","@id":"https:\/\/www.copyandprint.es\/ayuda-imprimir\/","url":"https:\/\/www.copyandprint.es\/ayuda-imprimir\/","name":"Ayuda Imprimir - Copy and Print","isPartOf":{"@id":"https:\/\/www.copyandprint.es\/#website"},"datePublished":"2020-08-31T15:43:25+00:00","dateModified":"2020-08-31T15:56:35+00:00","breadcrumb":{"@id":"https:\/\/www.copyandprint.es\/ayuda-imprimir\/#breadcrumb"},"inLanguage":"en-GB","potentialAction":[{"@type":"ReadAction","target":["https:\/\/www.copyandprint.es\/ayuda-imprimir\/"]}]},{"@type":"BreadcrumbList","@id":"https:\/\/www.copyandprint.es\/ayuda-imprimir\/#breadcrumb","itemListElement":[{"@type":"ListItem","position":1,"name":"Portada","item":"https:\/\/www.copyandprint.es\/"},{"@type":"ListItem","position":2,"name":"Ayuda Imprimir"}]},{"@type":"WebSite","@id":"https:\/\/www.copyandprint.es\/#website","url":"https:\/\/www.copyandprint.es\/","name":"Copy and Print","description":"Copister\u00eda en Cieza","publisher":{"@id":"https:\/\/www.copyandprint.es\/#organization"},"potentialAction":[{"@type":"SearchAction","target":{"@type":"EntryPoint","urlTemplate":"https:\/\/www.copyandprint.es\/?s={search_term_string}"},"query-input":"required name=search_term_string"}],"inLanguage":"en-GB"},{"@type":"Organization","@id":"https:\/\/www.copyandprint.es\/#organization","name":"Copy&Print","url":"https:\/\/www.copyandprint.es\/","logo":{"@type":"ImageObject","inLanguage":"en-GB","@id":"https:\/\/www.copyandprint.es\/#\/schema\/logo\/image\/","url":"https:\/\/www.copyandprint.es\/wp-content\/uploads\/2020\/08\/copyandprint.png","contentUrl":"https:\/\/www.copyandprint.es\/wp-content\/uploads\/2020\/08\/copyandprint.png","width":370,"height":79,"caption":"Copy&Print"},"image":{"@id":"https:\/\/www.copyandprint.es\/#\/schema\/logo\/image\/"}}]}},"_links":{"self":[{"href":"https:\/\/www.copyandprint.es\/en\/wp-json\/wp\/v2\/pages\/2437","targetHints":{"allow":["GET"]}}],"collection":[{"href":"https:\/\/www.copyandprint.es\/en\/wp-json\/wp\/v2\/pages"}],"about":[{"href":"https:\/\/www.copyandprint.es\/en\/wp-json\/wp\/v2\/types\/page"}],"author":[{"embeddable":true,"href":"https:\/\/www.copyandprint.es\/en\/wp-json\/wp\/v2\/users\/1"}],"replies":[{"embeddable":true,"href":"https:\/\/www.copyandprint.es\/en\/wp-json\/wp\/v2\/comments?post=2437"}],"version-history":[{"count":13,"href":"https:\/\/www.copyandprint.es\/en\/wp-json\/wp\/v2\/pages\/2437\/revisions"}],"predecessor-version":[{"id":2452,"href":"https:\/\/www.copyandprint.es\/en\/wp-json\/wp\/v2\/pages\/2437\/revisions\/2452"}],"wp:attachment":[{"href":"https:\/\/www.copyandprint.es\/en\/wp-json\/wp\/v2\/media?parent=2437"}],"curies":[{"name":"wp","href":"https:\/\/api.w.org\/{rel}","templated":true}]}}