{"id":1088,"date":"2018-07-13T10:18:17","date_gmt":"2018-07-13T10:18:17","guid":{"rendered":"https:\/\/www.copyandprint.es\/?page_id=1088"},"modified":"2023-12-22T10:20:50","modified_gmt":"2023-12-22T08:20:50","slug":"aviso-legal","status":"publish","type":"page","link":"https:\/\/www.copyandprint.es\/en\/aviso-legal\/","title":{"rendered":"Legal notice"},"content":{"rendered":"<h1 class=\"wp-block-heading\">1&nbsp;&nbsp;&nbsp;&nbsp;&nbsp;&nbsp;&nbsp; LEY DE SERVICIOS DE LA SOCIEDAD DE LA INFORMACI\u00d3N Y COMERCIO ELECTR\u00d3NICO<\/h1>\n\n\n\n<p>En cumplimiento de lo dispuesto en el art. 10 de la Ley 34\/2002 de 11 de julio de Servicios de la Sociedad de la Informaci\u00f3n (L.S.S.I.) , se da a conocer la siguiente Informaci\u00f3n General:<\/p>\n\n\n\n<p>Que el dominio https:\/\/www.copyandprint.es\/<strong> <\/strong>a partir de ahora Sitio Web est\u00e1 registrado a nombre de COPISTER\u00cdA ONLINE E IMPRESI\u00d3N DIGITAL, S.L. con domicilio social en &nbsp;Callej\u00f3n Los Frailes, 6 , 30530 &#8211; Cieza (Murcia); sociedad inscrita en el Registro Mercantil de Tomo , de la secci\u00f3n , Folio , Hoja , inscripci\u00f3n primera, provista de CIF B13738760, a partir de ahora EL TITULAR<\/p>\n\n\n\n<h1 class=\"wp-block-heading\">2&nbsp;&nbsp;&nbsp;&nbsp;&nbsp; CONDICIONES DE USO<\/h1>\n\n\n\n<h2 class=\"wp-block-heading\">I.- USUARIOS\/AS<\/h2>\n\n\n\n<p>El acceso y\/o uso del Sitio Web https:\/\/www.copyandprint.es\/, atribuye a quien lo realiza la condici\u00f3n de usuario\/a, aceptando, desde ese mismo momento, plenamente y sin reserva alguna, las presentes condiciones generales, as\u00ed como las condiciones particulares que, en su caso, complementen, modifiquen o sustituyan las condiciones generales en relaci\u00f3n con determinados servicios y contenidos del Sitio Web.<\/p>\n\n\n\n<h2 class=\"wp-block-heading\">II.- USO DEL Sitio Web, SUS SERVICIOS Y CONTENIDOS<\/h2>\n\n\n\n<p>El\/la usuario\/a se compromete a utilizar el Sitio Web y sus servicios y contenidos sin contravenir la legislaci\u00f3n vigente, la buena fe, los usos generalmente aceptados y el orden p\u00fablico.<\/p>\n\n\n\n<p>As\u00ed mismo, queda prohibido el uso de la Web con fines il\u00edcitos o lesivos contra EL TITULAR o cualquier\/a tercero\/a, o que, de cualquier forma, puedan causar perjuicio o impedir el normal funcionamiento del Sitio Web.<\/p>\n\n\n\n<p>Respecto de los contenidos (informaciones, textos, gr\u00e1ficos, archivos de sonido y\/o imagen, fotograf\u00edas, dise\u00f1os, etc.), se proh\u00edbe:<\/p>\n\n\n\n<ul class=\"wp-block-list\">\n<li>Su reproducci\u00f3n, distribuci\u00f3n o modificaci\u00f3n, a menos que se cuente con la autorizaci\u00f3n de sus leg\u00edtimos\/as titulares o resulte legalmente permitido.<\/li>\n\n\n\n<li>Cualquier vulneraci\u00f3n de los derechos de EL TITULAR o de sus leg\u00edtimos\/as titulares sobre los mismos.<\/li>\n\n\n\n<li>Su utilizaci\u00f3n para todo tipo de fines comerciales o publicitarios, distintos de los estrictamente permitidos.<\/li>\n\n\n\n<li>Cualquier intento de obtener los contenidos del Sitio Web por cualquier medio distinto de los que se pongan a disposici\u00f3n de los\/las usuarios\/as as\u00ed como de los que habitualmente se empleen en la red, siempre que no causen perjuicio alguno a la&nbsp; web.<\/li>\n<\/ul>\n\n\n\n<h2 class=\"wp-block-heading\">III.- MODIFICACI\u00d3N UNILATERAL<\/h2>\n\n\n\n<p>EL TITULAR podr\u00e1 modificar unilateralmente y sin previo aviso, siempre que lo considere oportuno, la estructura y dise\u00f1o del Sitio Web, as\u00ed como modificar o eliminar los servicios, los contenidos y las condiciones de acceso y\/o uso del mismo.<\/p>\n\n\n\n<h2 class=\"wp-block-heading\">IV.- HIPERENLACES<\/h2>\n\n\n\n<p>El establecimiento de cualquier \u00abhiperenlace\u00bb entre una p\u00e1gina web y el Sitio Web estar\u00e1 sometido a las siguientes condiciones:<\/p>\n\n\n\n<ul class=\"wp-block-list\">\n<li>No se permite la reproducci\u00f3n, ni total ni parcial, de ninguno de los servicios ni contenidos del Sitio Web.<\/li>\n\n\n\n<li>Salvo consentimiento previo y expreso, la p\u00e1gina web en la que se establezca el hiperenlace no contendr\u00e1 ninguna marca, nombre comercial, r\u00f3tulo de establecimiento, denominaci\u00f3n, logotipo, eslogan u otros signos distintivos pertenecientes al TITULAR<\/li>\n\n\n\n<li>Bajo ninguna circunstancia, EL TITULAR ser\u00e1 responsable de los contenidos o servicios puestos a disposici\u00f3n del p\u00fablico en la p\u00e1gina web desde la que se realice el \u00abhiperenlace\u00bb ni de las informaciones y manifestaciones incluidas en las mismas.<\/li>\n<\/ul>\n\n\n\n<h2 class=\"wp-block-heading\">V. EXCLUSI\u00d3N DE GARANT\u00cdAS Y RESPONSABILIDAD<\/h2>\n\n\n\n<p>EL TITULAR no otorga ninguna garant\u00eda ni se hace responsable, en ning\u00fan caso, de los da\u00f1os y perjuicios de cualquier naturaleza que pudieran traer causa de:<\/p>\n\n\n\n<ul class=\"wp-block-list\">\n<li>La falta disponibilidad, mantenimiento y efectivo funcionamiento de la Web y\/o de sus servicios o contenidos.<\/li>\n\n\n\n<li>La falta de utilidad, adecuaci\u00f3n o validez de la Web y\/o de sus servicios o contenidos para satisfacer necesidades, actividades o resultados concretos o expectativas de los usuarios.<\/li>\n\n\n\n<li>La existencia de virus, programas maliciosos o lesivos en los contenidos.<\/li>\n\n\n\n<li>La recepci\u00f3n, obtenci\u00f3n, almacenamiento, difusi\u00f3n o transmisi\u00f3n, por parte de los\/las usuarios\/as, de los contenidos.<\/li>\n\n\n\n<li>El uso il\u00edcito, negligente, fraudulento, contrario a las presentes Condiciones Generales, a la buena fe, a los usos generalmente aceptados o al orden p\u00fablico, del Sitio Web, sus servicios o contenidos, por parte de los usuarios.<\/li>\n\n\n\n<li>La falta de licitud, calidad, fiabilidad, utilidad y disponibilidad de los servicios prestados por terceros\/as y puestos a disposici\u00f3n de los\/las usuarios\/as en el Sitio Web.<\/li>\n\n\n\n<li>El incumplimiento por parte de terceros de sus obligaciones o compromisos en relaci\u00f3n con los servicios prestados a los usuarios\/as a trav\u00e9s del Sitio Web.<\/li>\n<\/ul>\n\n\n\n<h2 class=\"wp-block-heading\">VI. DURACI\u00d3N<\/h2>\n\n\n\n<p>La duraci\u00f3n de la prestaci\u00f3n del servicio del Sitio Web y de los servicios es de car\u00e1cter indefinido.<br>Sin perjuicio de lo anterior, EL TITULAR se reserva el derecho para interrumpir, suspender o terminar la prestaci\u00f3n del servicio de la Web o de cualquiera de los servicios que lo integran, en los mismos t\u00e9rminos que se recogen en la condici\u00f3n tercera.<\/p>\n\n\n\n<h2 class=\"wp-block-heading\">VII. LEGISLACI\u00d3N APLICABLE Y JURISDICCI\u00d3N<\/h2>\n\n\n\n<p>Las presentes Condiciones Generales se regir\u00e1n por la legislaci\u00f3n espa\u00f1ola.<br>COPISTER\u00cdA ONLINE E IMPRESI\u00d3N DIGITAL, S.L. y el usuario\/a, con renuncia expresa a cualquier otro fuero que pudiera corresponderles, se someten a la Jurisdicci\u00f3n de los Juzgados y Tribunales del domicilio del usuario para cuantas cuestiones pudieran suscitarse o acciones ejercitarse derivadas de la prestaci\u00f3n del servicio de la Web y de sus servicios y contenidos y sobre la interpretaci\u00f3n, aplicaci\u00f3n, cumplimiento o incumplimiento de lo aqu\u00ed establecido.<\/p>\n\n\n\n<p>En el supuesto de que el Usuario\/a tenga su domicilio fuera de Espa\u00f1a, COPISTER\u00cdA ONLINE E IMPRESI\u00d3N DIGITAL, S.L. y el Usuario\/a, con renuncia expresa a cualquier otro fuero que pudiera corresponderles, se someten a la Jurisdicci\u00f3n de los Juzgados y Tribunales de Cieza<\/p>\n\n\n\n<h1 class=\"wp-block-heading\">3&nbsp;&nbsp;&nbsp;&nbsp;&nbsp;&nbsp;&nbsp;&nbsp;&nbsp; BAJA DE COMUNICACIONES COMERCIALES<\/h1>\n\n\n\n<p>De conformidad con la ley de servicios de la sociedad de la informaci\u00f3n 34\/2002 se garantiza al usuario la posibilidad de dejar de recibir informaci\u00f3n comercial en un plazo m\u00e1ximo de un mes desde que comunique su voluntad mediante correo electr\u00f3nico dirigido a comercial@copyandprint.es;<\/p>","protected":false},"excerpt":{"rendered":"<p>1&nbsp;&nbsp;&nbsp;&nbsp;&nbsp;&nbsp;&nbsp; LEY DE SERVICIOS DE LA SOCIEDAD DE LA INFORMACI\u00d3N Y COMERCIO ELECTR\u00d3NICO En cumplimiento de lo dispuesto en el art. 10 de la Ley 34\/2002 de 11 de julio de Servicios de la Sociedad de la Informaci\u00f3n (L.S.S.I.) ,&hellip;<\/p>","protected":false},"author":1,"featured_media":0,"parent":0,"menu_order":0,"comment_status":"closed","ping_status":"closed","template":"","meta":{"footnotes":""},"class_list":["post-1088","page","type-page","status-publish","hentry"],"yoast_head":"<!-- This site is optimized with the Yoast SEO plugin v20.9 - https:\/\/yoast.com\/wordpress\/plugins\/seo\/ -->\n<title>Aviso legal - Copy and Print<\/title>\n<meta name=\"robots\" content=\"index, follow, max-snippet:-1, max-image-preview:large, max-video-preview:-1\" \/>\n<link rel=\"canonical\" href=\"https:\/\/www.copyandprint.es\/en\/aviso-legal\/\" \/>\n<meta property=\"og:locale\" content=\"en_GB\" \/>\n<meta property=\"og:type\" content=\"article\" \/>\n<meta property=\"og:title\" content=\"Aviso legal - Copy and Print\" \/>\n<meta property=\"og:description\" content=\"1&nbsp;&nbsp;&nbsp;&nbsp;&nbsp;&nbsp;&nbsp; LEY DE SERVICIOS DE LA SOCIEDAD DE LA INFORMACI\u00d3N Y COMERCIO ELECTR\u00d3NICO En cumplimiento de lo dispuesto en el art. 10 de la Ley 34\/2002 de 11 de julio de Servicios de la Sociedad de la Informaci\u00f3n (L.S.S.I.) ,&hellip;\" \/>\n<meta property=\"og:url\" content=\"https:\/\/www.copyandprint.es\/en\/aviso-legal\/\" \/>\n<meta property=\"og:site_name\" content=\"Copy and Print\" \/>\n<meta property=\"article:modified_time\" content=\"2023-12-22T08:20:50+00:00\" \/>\n<meta name=\"twitter:card\" content=\"summary_large_image\" \/>\n<meta name=\"twitter:label1\" content=\"Estimated reading time\" \/>\n\t<meta name=\"twitter:data1\" content=\"5 minutes\" \/>\n<script type=\"application\/ld+json\" class=\"yoast-schema-graph\">{\"@context\":\"https:\/\/schema.org\",\"@graph\":[{\"@type\":\"WebPage\",\"@id\":\"https:\/\/www.copyandprint.es\/aviso-legal\/\",\"url\":\"https:\/\/www.copyandprint.es\/aviso-legal\/\",\"name\":\"Aviso legal - Copy and Print\",\"isPartOf\":{\"@id\":\"https:\/\/www.copyandprint.es\/#website\"},\"datePublished\":\"2018-07-13T10:18:17+00:00\",\"dateModified\":\"2023-12-22T08:20:50+00:00\",\"breadcrumb\":{\"@id\":\"https:\/\/www.copyandprint.es\/aviso-legal\/#breadcrumb\"},\"inLanguage\":\"en-GB\",\"potentialAction\":[{\"@type\":\"ReadAction\",\"target\":[\"https:\/\/www.copyandprint.es\/aviso-legal\/\"]}]},{\"@type\":\"BreadcrumbList\",\"@id\":\"https:\/\/www.copyandprint.es\/aviso-legal\/#breadcrumb\",\"itemListElement\":[{\"@type\":\"ListItem\",\"position\":1,\"name\":\"Portada\",\"item\":\"https:\/\/www.copyandprint.es\/\"},{\"@type\":\"ListItem\",\"position\":2,\"name\":\"Aviso legal\"}]},{\"@type\":\"WebSite\",\"@id\":\"https:\/\/www.copyandprint.es\/#website\",\"url\":\"https:\/\/www.copyandprint.es\/\",\"name\":\"Copy and Print\",\"description\":\"Copister\u00eda en Cieza\",\"publisher\":{\"@id\":\"https:\/\/www.copyandprint.es\/#organization\"},\"potentialAction\":[{\"@type\":\"SearchAction\",\"target\":{\"@type\":\"EntryPoint\",\"urlTemplate\":\"https:\/\/www.copyandprint.es\/?s={search_term_string}\"},\"query-input\":\"required name=search_term_string\"}],\"inLanguage\":\"en-GB\"},{\"@type\":\"Organization\",\"@id\":\"https:\/\/www.copyandprint.es\/#organization\",\"name\":\"Copy&Print\",\"url\":\"https:\/\/www.copyandprint.es\/\",\"logo\":{\"@type\":\"ImageObject\",\"inLanguage\":\"en-GB\",\"@id\":\"https:\/\/www.copyandprint.es\/#\/schema\/logo\/image\/\",\"url\":\"https:\/\/www.copyandprint.es\/wp-content\/uploads\/2020\/08\/copyandprint.png\",\"contentUrl\":\"https:\/\/www.copyandprint.es\/wp-content\/uploads\/2020\/08\/copyandprint.png\",\"width\":370,\"height\":79,\"caption\":\"Copy&Print\"},\"image\":{\"@id\":\"https:\/\/www.copyandprint.es\/#\/schema\/logo\/image\/\"}}]}<\/script>\n<!-- \/ Yoast SEO plugin. -->","yoast_head_json":{"title":"Aviso legal - Copy and Print","robots":{"index":"index","follow":"follow","max-snippet":"max-snippet:-1","max-image-preview":"max-image-preview:large","max-video-preview":"max-video-preview:-1"},"canonical":"https:\/\/www.copyandprint.es\/en\/aviso-legal\/","og_locale":"en_GB","og_type":"article","og_title":"Aviso legal - Copy and Print","og_description":"1&nbsp;&nbsp;&nbsp;&nbsp;&nbsp;&nbsp;&nbsp; LEY DE SERVICIOS DE LA SOCIEDAD DE LA INFORMACI\u00d3N Y COMERCIO ELECTR\u00d3NICO En cumplimiento de lo dispuesto en el art. 10 de la Ley 34\/2002 de 11 de julio de Servicios de la Sociedad de la Informaci\u00f3n (L.S.S.I.) ,&hellip;","og_url":"https:\/\/www.copyandprint.es\/en\/aviso-legal\/","og_site_name":"Copy and Print","article_modified_time":"2023-12-22T08:20:50+00:00","twitter_card":"summary_large_image","twitter_misc":{"Estimated reading time":"5 minutes"},"schema":{"@context":"https:\/\/schema.org","@graph":[{"@type":"WebPage","@id":"https:\/\/www.copyandprint.es\/aviso-legal\/","url":"https:\/\/www.copyandprint.es\/aviso-legal\/","name":"Aviso legal - Copy and Print","isPartOf":{"@id":"https:\/\/www.copyandprint.es\/#website"},"datePublished":"2018-07-13T10:18:17+00:00","dateModified":"2023-12-22T08:20:50+00:00","breadcrumb":{"@id":"https:\/\/www.copyandprint.es\/aviso-legal\/#breadcrumb"},"inLanguage":"en-GB","potentialAction":[{"@type":"ReadAction","target":["https:\/\/www.copyandprint.es\/aviso-legal\/"]}]},{"@type":"BreadcrumbList","@id":"https:\/\/www.copyandprint.es\/aviso-legal\/#breadcrumb","itemListElement":[{"@type":"ListItem","position":1,"name":"Portada","item":"https:\/\/www.copyandprint.es\/"},{"@type":"ListItem","position":2,"name":"Aviso legal"}]},{"@type":"WebSite","@id":"https:\/\/www.copyandprint.es\/#website","url":"https:\/\/www.copyandprint.es\/","name":"Copy and Print","description":"Copister\u00eda en Cieza","publisher":{"@id":"https:\/\/www.copyandprint.es\/#organization"},"potentialAction":[{"@type":"SearchAction","target":{"@type":"EntryPoint","urlTemplate":"https:\/\/www.copyandprint.es\/?s={search_term_string}"},"query-input":"required name=search_term_string"}],"inLanguage":"en-GB"},{"@type":"Organization","@id":"https:\/\/www.copyandprint.es\/#organization","name":"Copy&Print","url":"https:\/\/www.copyandprint.es\/","logo":{"@type":"ImageObject","inLanguage":"en-GB","@id":"https:\/\/www.copyandprint.es\/#\/schema\/logo\/image\/","url":"https:\/\/www.copyandprint.es\/wp-content\/uploads\/2020\/08\/copyandprint.png","contentUrl":"https:\/\/www.copyandprint.es\/wp-content\/uploads\/2020\/08\/copyandprint.png","width":370,"height":79,"caption":"Copy&Print"},"image":{"@id":"https:\/\/www.copyandprint.es\/#\/schema\/logo\/image\/"}}]}},"_links":{"self":[{"href":"https:\/\/www.copyandprint.es\/en\/wp-json\/wp\/v2\/pages\/1088","targetHints":{"allow":["GET"]}}],"collection":[{"href":"https:\/\/www.copyandprint.es\/en\/wp-json\/wp\/v2\/pages"}],"about":[{"href":"https:\/\/www.copyandprint.es\/en\/wp-json\/wp\/v2\/types\/page"}],"author":[{"embeddable":true,"href":"https:\/\/www.copyandprint.es\/en\/wp-json\/wp\/v2\/users\/1"}],"replies":[{"embeddable":true,"href":"https:\/\/www.copyandprint.es\/en\/wp-json\/wp\/v2\/comments?post=1088"}],"version-history":[{"count":7,"href":"https:\/\/www.copyandprint.es\/en\/wp-json\/wp\/v2\/pages\/1088\/revisions"}],"predecessor-version":[{"id":2986,"href":"https:\/\/www.copyandprint.es\/en\/wp-json\/wp\/v2\/pages\/1088\/revisions\/2986"}],"wp:attachment":[{"href":"https:\/\/www.copyandprint.es\/en\/wp-json\/wp\/v2\/media?parent=1088"}],"curies":[{"name":"wp","href":"https:\/\/api.w.org\/{rel}","templated":true}]}}